{"id":103,"date":"2021-05-19T12:35:45","date_gmt":"2021-05-19T12:35:45","guid":{"rendered":"https:\/\/el-vis.com\/fi\/ottaa-yhteytta\/"},"modified":"2024-07-25T18:29:16","modified_gmt":"2024-07-25T15:29:16","slug":"kontakta-oss","status":"publish","type":"page","link":"https:\/\/el-vis.com\/fi\/sv\/kontakta-oss\/","title":{"rendered":"Kontakta oss"},"content":{"rendered":"\n\n<div class=\"eo-hero  \">\n    <div class=\"eo-hero-inner\">\n                    <div class=\"eo-hero-icon\">\n                                                            <img decoding=\"async\" src=\"https:\/\/cdn10757.templcdn.com\/fi\/wp-content\/themes\/elvis_com\/assets\/static\/images\/el-vis-icon.svg\" alt=\"EL-VIS Kontakta oss\" class=\"eo-hero-icon-item\">\n                                                <\/div>\n        \n        <header class=\"eo-hero-header\">\n                            <h1 class=\"eo-hero-header-heading is-red\">\n                    Kontakta oss                <\/h1>\n            \n                            <div class=\"eo-hero-header-text is-lead\">\n                    <p>Har du fr\u00e5gor eller funderingar? Vi finns h\u00e4r f\u00f6r att hj\u00e4lpa dig.<\/p>\n                <\/div>\n            \n                            <div class=\"eo-hero-header-conditional is-\">\n                                    <\/div>\n                    <\/header>\n\n                    <div class=\"eo-hero-buttons eo-button-group is-center\">\n                \n                \n                \n                \n            <\/div>\n            <\/div>\n\n    <\/div>\n\n\n\n\n\n\n\n<div class=\"eo-support \">\n    <div class=\"eo-support-items \">\n                    <div class=\"eo-support-item\">\n                <div class=\"eo-support-item-content\">\n                    <header class=\"eo-support-item-content-header\">\n                        <h4 class=\"eo-support-item-content-header-heading is-bold\">\n                            Ring                        <\/h4>\n                        <p class=\"eo-support-item-content-header-text\">\n                            L\u00e4gg en best\u00e4llning, st\u00e4ll fr\u00e5gor om EL-VIS eller f\u00e5 svar p\u00e5 andra funderingar.                        <\/p>\n                    <\/header>\n\n                    <ul class=\"eo-support-item-content-list\">\n                        <li class=\"eo-support-item-content-list-item\">\n                            <a\n                                href=\"tel:\"\n                                class=\"eo-support-item-content-list-item-link is-bold\"\n                                aria-label=\"Ring oss\"\n                            >\n                                                            <\/a>\n                        <\/li>\n                        <li class=\"eo-support-item-content-list-item\">\n                            \u00d6ppettider M\u00e5n-fre 08-16                        <\/li>\n                        <li class=\"eo-support-item-content-list-item\">\n                                                    <\/li>\n                    <\/ul>\n                <\/div>\n            <\/div>\n        \n                    <div class=\"eo-support-item\">\n                <div class=\"eo-support-item-content\">\n                    <header class=\"eo-support-item-content-header\">\n                        <h4 class=\"eo-support-item-content-header-heading is-bold\">\n                            Skicka meddelande                        <\/h4>\n                        <p class=\"eo-support-item-content-header-text\">\n                            Du n\u00e5r oss alltid via mejl. Under vardagarna svarar vi dig inom 24 timmar.                        <\/p>\n                    <\/header>\n                    <!-- <a href=\"mailto:info@el-vis.com\" class=\"eo-support-item-content-button is-open-action eo-button is-primary is-expander\"> -->\n                    <a\n                        href=\"mailto:info@el-vis.com\"\n                        class=\"eo-support-item-content-button is-open-action eo-button is-primary is-expander \"\n                        aria-label=\"Skriv meddelande\"\n                    >\n                        Skriv meddelande                    <\/a>\n\n                    <div class=\"eo-form eo-support-item-content-form \">\n\n                                                    <form\n                                action=\"\/fi\/sv\/wp-json\/el-vis\/v1\/mail\"\n                                class=\"eo-form-area\"\n                                data-type=\"message\"\n                            >\n                                <div class=\"eo-form-area-item is-botcheck\">\n                                    <input type=\"tel\" class=\"eo-form-area-input is-botcheck\" id=\"eo-form-botcheck\">\n                                <\/div>\n    \n                                <div class=\"eo-form-area-item\">\n                                    <label for=\"eo-form-epost\" class=\"eo-form-area-label is-regular\">\n                                        E-post*                                    <\/label>\n                                    <input type=\"email\" class=\"eo-form-area-input is-required\" id=\"eo-form-epost\">\n                                    <p class=\"eo-form-area-error is-smaller\">\n                                        Var v\u00e4nlig fyll i din e-post.                                    <\/p>\n                                <\/div>\n    \n                                <div class=\"eo-form-area-item\">\n                                    <label for=\"eo-form-tel\" class=\"eo-form-area-label is-regular\">\n                                        Telefonnummer*                                    <\/label>\n                                    <input type=\"tel\" class=\"eo-form-area-input is-required\" id=\"eo-form-tel\">\n                                    <p class=\"eo-form-area-error is-smaller\">\n                                        Var v\u00e4nlig fyll i dit telefonnummer.                                    <\/p>\n                                <\/div>\n    \n                                <div class=\"eo-form-area-item\">\n                                    <label for=\"eo-form-message\" class=\"eo-form-area-label is-message is-regular\">\n                                        Eventuellt meddelande                                    <\/label>\n                                    <textarea name=\"\" id=\"eo-form-message\" class=\"eo-form-area-textarea\"><\/textarea>\n                                <\/div>\n    \n                                <div class=\"eo-form-area-item\">\n                                    <button class=\"eo-form-area-submit eo-button is-primary is-partial\" title=\"Skicka\">\n                                        Skicka                                    <\/button>\n                                    <img decoding=\"async\" src=\"https:\/\/cdn10757.templcdn.com\/fi\/wp-content\/themes\/elvis_com\/assets\/static\/images\/icons\/puff.svg\" alt=\"EL-VIS Skicka\" class=\"eo-form-area-submit-icon\">\n                                <\/div>\n                            <\/form>\n                        \n                    <\/div>\n                <\/div>\n            <\/div>\n        \n        \n            <\/div>\n<\/div>\n\n\n\n<p><\/p>\n","protected":false},"excerpt":{"rendered":"","protected":false},"author":1,"featured_media":0,"parent":0,"menu_order":0,"comment_status":"closed","ping_status":"closed","template":"","meta":{"_acf_changed":false,"inline_featured_image":false,"footnotes":""},"class_list":["post-103","page","type-page","status-publish","hentry"],"acf":[],"yoast_head":"<!-- This site is optimized with the Yoast SEO plugin v25.2 - https:\/\/yoast.com\/wordpress\/plugins\/seo\/ -->\n<title>Kontakta oss - EL-VIS Finland<\/title>\n<meta name=\"robots\" content=\"index, follow, max-snippet:-1, max-image-preview:large, max-video-preview:-1\" \/>\n<link rel=\"canonical\" href=\"https:\/\/el-vis.com\/fi\/sv\/kontakta-oss\/\" \/>\n<meta property=\"og:locale\" content=\"sv_SE\" \/>\n<meta property=\"og:type\" content=\"article\" \/>\n<meta property=\"og:title\" content=\"Kontakta oss - EL-VIS Finland\" \/>\n<meta property=\"og:url\" content=\"https:\/\/el-vis.com\/fi\/sv\/kontakta-oss\/\" \/>\n<meta property=\"og:site_name\" content=\"EL-VIS Finland\" \/>\n<meta property=\"article:modified_time\" content=\"2024-07-25T15:29:16+00:00\" \/>\n<meta name=\"twitter:card\" content=\"summary_large_image\" \/>\n<meta name=\"twitter:label1\" content=\"Ber\u00e4knad l\u00e4stid\" \/>\n\t<meta name=\"twitter:data1\" content=\"1 minut\" \/>\n<script type=\"application\/ld+json\" class=\"yoast-schema-graph\">{\"@context\":\"https:\/\/schema.org\",\"@graph\":[{\"@type\":\"WebPage\",\"@id\":\"https:\/\/el-vis.com\/fi\/sv\/kontakta-oss\/\",\"url\":\"https:\/\/el-vis.com\/fi\/sv\/kontakta-oss\/\",\"name\":\"Kontakta oss - EL-VIS Finland\",\"isPartOf\":{\"@id\":\"https:\/\/el-vis.com\/fi\/sv\/#website\"},\"datePublished\":\"2021-05-19T12:35:45+00:00\",\"dateModified\":\"2024-07-25T15:29:16+00:00\",\"breadcrumb\":{\"@id\":\"https:\/\/el-vis.com\/fi\/sv\/kontakta-oss\/#breadcrumb\"},\"inLanguage\":\"sv-SE\",\"potentialAction\":[{\"@type\":\"ReadAction\",\"target\":[\"https:\/\/el-vis.com\/fi\/sv\/kontakta-oss\/\"]}]},{\"@type\":\"BreadcrumbList\",\"@id\":\"https:\/\/el-vis.com\/fi\/sv\/kontakta-oss\/#breadcrumb\",\"itemListElement\":[{\"@type\":\"ListItem\",\"position\":1,\"name\":\"Home\",\"item\":\"https:\/\/el-vis.com\/fi\/sv\/\"},{\"@type\":\"ListItem\",\"position\":2,\"name\":\"Kontakta oss\"}]},{\"@type\":\"WebSite\",\"@id\":\"https:\/\/el-vis.com\/fi\/sv\/#website\",\"url\":\"https:\/\/el-vis.com\/fi\/sv\/\",\"name\":\"EL-VIS Finland\",\"description\":\"Digitala verktyg f\u00f6r elbranschen\",\"potentialAction\":[{\"@type\":\"SearchAction\",\"target\":{\"@type\":\"EntryPoint\",\"urlTemplate\":\"https:\/\/el-vis.com\/fi\/sv\/?s={search_term_string}\"},\"query-input\":{\"@type\":\"PropertyValueSpecification\",\"valueRequired\":true,\"valueName\":\"search_term_string\"}}],\"inLanguage\":\"sv-SE\"}]}<\/script>\n<!-- \/ Yoast SEO plugin. -->","yoast_head_json":{"title":"Kontakta oss - EL-VIS Finland","robots":{"index":"index","follow":"follow","max-snippet":"max-snippet:-1","max-image-preview":"max-image-preview:large","max-video-preview":"max-video-preview:-1"},"canonical":"https:\/\/el-vis.com\/fi\/sv\/kontakta-oss\/","og_locale":"sv_SE","og_type":"article","og_title":"Kontakta oss - EL-VIS Finland","og_url":"https:\/\/el-vis.com\/fi\/sv\/kontakta-oss\/","og_site_name":"EL-VIS Finland","article_modified_time":"2024-07-25T15:29:16+00:00","twitter_card":"summary_large_image","twitter_misc":{"Ber\u00e4knad l\u00e4stid":"1 minut"},"schema":{"@context":"https:\/\/schema.org","@graph":[{"@type":"WebPage","@id":"https:\/\/el-vis.com\/fi\/sv\/kontakta-oss\/","url":"https:\/\/el-vis.com\/fi\/sv\/kontakta-oss\/","name":"Kontakta oss - EL-VIS Finland","isPartOf":{"@id":"https:\/\/el-vis.com\/fi\/sv\/#website"},"datePublished":"2021-05-19T12:35:45+00:00","dateModified":"2024-07-25T15:29:16+00:00","breadcrumb":{"@id":"https:\/\/el-vis.com\/fi\/sv\/kontakta-oss\/#breadcrumb"},"inLanguage":"sv-SE","potentialAction":[{"@type":"ReadAction","target":["https:\/\/el-vis.com\/fi\/sv\/kontakta-oss\/"]}]},{"@type":"BreadcrumbList","@id":"https:\/\/el-vis.com\/fi\/sv\/kontakta-oss\/#breadcrumb","itemListElement":[{"@type":"ListItem","position":1,"name":"Home","item":"https:\/\/el-vis.com\/fi\/sv\/"},{"@type":"ListItem","position":2,"name":"Kontakta oss"}]},{"@type":"WebSite","@id":"https:\/\/el-vis.com\/fi\/sv\/#website","url":"https:\/\/el-vis.com\/fi\/sv\/","name":"EL-VIS Finland","description":"Digitala verktyg f\u00f6r elbranschen","potentialAction":[{"@type":"SearchAction","target":{"@type":"EntryPoint","urlTemplate":"https:\/\/el-vis.com\/fi\/sv\/?s={search_term_string}"},"query-input":{"@type":"PropertyValueSpecification","valueRequired":true,"valueName":"search_term_string"}}],"inLanguage":"sv-SE"}]}},"_links":{"self":[{"href":"https:\/\/el-vis.com\/fi\/sv\/wp-json\/wp\/v2\/pages\/103","targetHints":{"allow":["GET"]}}],"collection":[{"href":"https:\/\/el-vis.com\/fi\/sv\/wp-json\/wp\/v2\/pages"}],"about":[{"href":"https:\/\/el-vis.com\/fi\/sv\/wp-json\/wp\/v2\/types\/page"}],"author":[{"embeddable":true,"href":"https:\/\/el-vis.com\/fi\/sv\/wp-json\/wp\/v2\/users\/1"}],"replies":[{"embeddable":true,"href":"https:\/\/el-vis.com\/fi\/sv\/wp-json\/wp\/v2\/comments?post=103"}],"version-history":[{"count":7,"href":"https:\/\/el-vis.com\/fi\/sv\/wp-json\/wp\/v2\/pages\/103\/revisions"}],"predecessor-version":[{"id":2320,"href":"https:\/\/el-vis.com\/fi\/sv\/wp-json\/wp\/v2\/pages\/103\/revisions\/2320"}],"wp:attachment":[{"href":"https:\/\/el-vis.com\/fi\/sv\/wp-json\/wp\/v2\/media?parent=103"}],"curies":[{"name":"wp","href":"https:\/\/api.w.org\/{rel}","templated":true}]}}