{"id":113,"date":"2021-05-13T22:01:29","date_gmt":"2021-05-13T22:01:29","guid":{"rendered":"https:\/\/el-vis.com\/fi\/viitteet\/"},"modified":"2024-07-25T19:38:58","modified_gmt":"2024-07-25T16:38:58","slug":"referenser","status":"publish","type":"page","link":"https:\/\/el-vis.com\/fi\/sv\/referenser\/","title":{"rendered":"Referenser"},"content":{"rendered":"\n\n<div class=\"eo-hero  \">\n    <div class=\"eo-hero-inner\">\n                    <div class=\"eo-hero-icon\">\n                                                            <img decoding=\"async\" src=\"https:\/\/cdn10757.templcdn.com\/fi\/wp-content\/themes\/elvis_com\/assets\/static\/images\/el-vis-icon.svg\" alt=\"EL-VIS Sagt om EL-VIS\" class=\"eo-hero-icon-item\">\n                                                <\/div>\n        \n        <header class=\"eo-hero-header\">\n                            <h1 class=\"eo-hero-header-heading is-red\">\n                    Sagt om EL-VIS                <\/h1>\n            \n                            <div class=\"eo-hero-header-text is-lead\">\n                    <p>L\u00e4s vad v\u00e5ra kunder tycker om oss!<\/p>\n                <\/div>\n            \n                            <div class=\"eo-hero-header-conditional is-\">\n                                    <\/div>\n                    <\/header>\n\n                    <div class=\"eo-hero-buttons eo-button-group is-center\">\n                \n                \n                \n                \n            <\/div>\n            <\/div>\n\n    <\/div>\n\n\n\n\n\n\n\n    <div class=\"eo-references\">\n        <div class=\"eo-references-inner\">\n            <div class=\"eo-references-items\">\n                                    <div class=\"eo-references-item\">\n                                                    <div class=\"eo-references-item-person\">\n                                <div class=\"eo-references-item-person-image\">\n                                    <img decoding=\"async\"\n                                        data-src=\"https:\/\/cdn10757.templcdn.com\/fi\/wp-content\/uploads\/sites\/4\/2021\/05\/Assemblin_NY.png\"\n                                        alt=\"EL-VIS - \u201dSystemen \u00e4r s\u00e5 enkla att jobba i \u201d  \"\n                                        class=\"eo-references-item-person-image-figure lazyload\"\n                                     src=\"data:image\/svg+xml;base64,PHN2ZyB3aWR0aD0iMSIgaGVpZ2h0PSIxIiB4bWxucz0iaHR0cDovL3d3dy53My5vcmcvMjAwMC9zdmciPjwvc3ZnPg==\" style=\"--smush-placeholder-width: 300px; --smush-placeholder-aspect-ratio: 300\/300;\">\n                                <\/div>\n\n                                \n                                                            <\/div>\n                        \n                        <header class=\"eo-references-item-quote\">\n                                                            <h4 class=\"eo-references-item-quote-heading\">\n                                    \u201dSystemen \u00e4r s\u00e5 enkla att jobba i \u201d                                <\/h4>\n                            \n                                                            <blockquote class=\"eo-references-item-quote-text is-large\">\n                                    <p>V\u00e5r ambition \u00e4r att erbjuda v\u00e5ra kunder marknadens b\u00e4sta l\u00f6sningar och vi bevakar d\u00e4rf\u00f6r st\u00e4ndigt utvecklingen f\u00f6r att ha koll p\u00e5 de senaste metoderna, materialen och systemen. I v\u00e5ra svenska elverksamhet har vi valt att anv\u00e4nda EL-VIS. Vi har god erfarenhet av EL-VIS, som f\u00f6renklar och effektiviserar v\u00e5rt arbete. En stor f\u00f6rdel \u00e4r enkelheten att jobba i tack vare ett anv\u00e4ndarv\u00e4nligt gr\u00e4nssnitt.<\/p>\n                                <\/blockquote>\n                            \n                                                            <div class=\"eo-references-item-quote-description\">\n                                    <p>Assemblin \u00e4r ett av Nordens ledande installationsbolag som utvecklar, installerar och underh\u00e5ller smarta och h\u00e5llbara installationsl\u00f6sningar f\u00f6r olika typer av byggnader.<\/p>\n<p>Johny Eriksson<br \/>\nAssemblin<\/p>\n                                <\/div>\n                                                    <\/header>\n                    <\/div>\n                                    <div class=\"eo-references-item\">\n                                                    <div class=\"eo-references-item-person\">\n                                <div class=\"eo-references-item-person-image\">\n                                    <img decoding=\"async\"\n                                        data-src=\"https:\/\/cdn10757.templcdn.com\/fi\/wp-content\/uploads\/sites\/4\/2021\/05\/SSAB_NY_luft.png\"\n                                        alt=\"EL-VIS - \u201dMed EL-VIS blir vi \u00e4nnu mer effektiva och produktiva\u201d  \"\n                                        class=\"eo-references-item-person-image-figure lazyload\"\n                                     src=\"data:image\/svg+xml;base64,PHN2ZyB3aWR0aD0iMSIgaGVpZ2h0PSIxIiB4bWxucz0iaHR0cDovL3d3dy53My5vcmcvMjAwMC9zdmciPjwvc3ZnPg==\" style=\"--smush-placeholder-width: 300px; --smush-placeholder-aspect-ratio: 300\/300;\">\n                                <\/div>\n\n                                \n                                                            <\/div>\n                        \n                        <header class=\"eo-references-item-quote\">\n                                                            <h4 class=\"eo-references-item-quote-heading\">\n                                    \u201dMed EL-VIS blir vi \u00e4nnu mer effektiva och produktiva\u201d                                <\/h4>\n                            \n                                                            <blockquote class=\"eo-references-item-quote-text is-large\">\n                                    <p>Alla v\u00e5ra eltekniker och elkonstrukt\u00f6rer inom SSAB anv\u00e4nder EL-VIS. Med EL-VIS blir vi \u00e4nnu mer effektiva och produktiva och det underl\u00e4ttar f\u00f6r oss enormt att kunna ber\u00e4kna, kontrollera och utf\u00f6ra kabeldimensioneringar i EL-VIS programmen. EL-VIS f\u00f6renklar v\u00e5rt pappersarbete d\u00e5 vi har allt s\u00f6kbart digitalt n\u00e4r det g\u00e4ller att f\u00f6lja lagar, paragrafer och f\u00f6reskrifter. D\u00e4r finns det mesta och det g\u00e5r snabbt och enkelt att hitta och s\u00f6ka.<\/p>\n                                <\/blockquote>\n                            \n                                                            <div class=\"eo-references-item-quote-description\">\n                                    <p>SSAB \u00e4r ett h\u00f6gspecialiserat globalt st\u00e5lf\u00f6retag som utvecklar h\u00f6gh\u00e5llfasta st\u00e5l och tillhandah\u00e5ller tj\u00e4nster f\u00f6r b\u00e4ttre prestanda utifr\u00e5n ett h\u00e5llbarhetsperspektiv. SSAB har anv\u00e4nt EL-VIS i \u00f6ver 20 \u00e5r och Lars Wennberg, som arbetar som projektledare f\u00f6r elkraft p\u00e5 SSAB i Oxel\u00f6sund, ber\u00e4ttar hur han anv\u00e4nder EL-VIS i sitt dagliga arbete.<\/p>\n<p>Lars Wennberg<br \/>\nSSAB<\/p>\n                                <\/div>\n                                                    <\/header>\n                    <\/div>\n                                    <div class=\"eo-references-item\">\n                                                    <div class=\"eo-references-item-person\">\n                                <div class=\"eo-references-item-person-image\">\n                                    <img decoding=\"async\"\n                                        data-src=\"https:\/\/cdn10757.templcdn.com\/fi\/wp-content\/uploads\/sites\/4\/2021\/05\/All-EL-NY.png\"\n                                        alt=\"EL-VIS - \u201dDet b\u00e4sta med EL-VIS \u00e4r enkelheten i programmet\u201d  \"\n                                        class=\"eo-references-item-person-image-figure lazyload\"\n                                     src=\"data:image\/svg+xml;base64,PHN2ZyB3aWR0aD0iMSIgaGVpZ2h0PSIxIiB4bWxucz0iaHR0cDovL3d3dy53My5vcmcvMjAwMC9zdmciPjwvc3ZnPg==\" style=\"--smush-placeholder-width: 300px; --smush-placeholder-aspect-ratio: 300\/300;\">\n                                <\/div>\n\n                                \n                                                            <\/div>\n                        \n                        <header class=\"eo-references-item-quote\">\n                                                            <h4 class=\"eo-references-item-quote-heading\">\n                                    \u201dDet b\u00e4sta med EL-VIS \u00e4r enkelheten i programmet\u201d                                <\/h4>\n                            \n                                                            <blockquote class=\"eo-references-item-quote-text is-large\">\n                                    <p>Vi har effektiviserat det dagliga arbetet och sparar mycket tid p\u00e5 kabeldimensioneringar, egenkontroller och dokumentation. Supporten \u00e4r guld v\u00e4rd d\u00e5 vi upplever en bra hj\u00e4lp men \u00e4ven v\u00e4gledning och r\u00e5d i olika situationer.<\/p>\n                                <\/blockquote>\n                            \n                                                            <div class=\"eo-references-item-quote-description\">\n                                    <p>All El Gotland \u00e4r ett installationsf\u00f6retag som jobbat med allt fr\u00e5n elservice, elbesiktningar och mindre servicearbeten i bost\u00e4der till st\u00f6rre entreprenader samt allt inom kraft, belysning och smarta hus.<\/p>\n<p>Philip Jonsson<br \/>\nAll El Gotland AB<\/p>\n                                <\/div>\n                                                    <\/header>\n                    <\/div>\n                            <\/div>\n        <\/div>\n    <\/div>\n\n\n\n    <div class=\"eo-customers is-large\">\n        <div class=\"eo-customers-inner\">\n            <header class=\"eo-customers-header\">\n                                    <p class=\"eo-customers-header-text is-lead\">\n                        Fler \u00e4n 10 000 elproffs p\u00e5 4 000 f\u00f6retag anv\u00e4nder EL-VIS                    <\/p>\n                            <\/header>\n\n            <div class=\"eo-customers-items\">\n                                    <div class=\"eo-customers-item\">\n                        <div class=\"eo-customers-item-logo\">\n                            <img decoding=\"async\" data-src=\"https:\/\/cdn10757.templcdn.com\/fi\/wp-content\/uploads\/sites\/4\/2024\/03\/kardex-logo-e1713975870622.png\" alt=\"EL-VIS ikon\" class=\"eo-customers-item-logo-item lazyload\" src=\"data:image\/svg+xml;base64,PHN2ZyB3aWR0aD0iMSIgaGVpZ2h0PSIxIiB4bWxucz0iaHR0cDovL3d3dy53My5vcmcvMjAwMC9zdmciPjwvc3ZnPg==\" style=\"--smush-placeholder-width: 300px; --smush-placeholder-aspect-ratio: 300\/169;\">\n                        <\/div>\n                    <\/div>\n                                    <div class=\"eo-customers-item\">\n                        <div class=\"eo-customers-item-logo\">\n                            <img decoding=\"async\" data-src=\"https:\/\/cdn10757.templcdn.com\/fi\/wp-content\/uploads\/sites\/4\/2024\/04\/GreenConnect_logo.png\" alt=\"EL-VIS ikon\" class=\"eo-customers-item-logo-item lazyload\" src=\"data:image\/svg+xml;base64,PHN2ZyB3aWR0aD0iMSIgaGVpZ2h0PSIxIiB4bWxucz0iaHR0cDovL3d3dy53My5vcmcvMjAwMC9zdmciPjwvc3ZnPg==\" style=\"--smush-placeholder-width: 1600px; --smush-placeholder-aspect-ratio: 1600\/510;\">\n                        <\/div>\n                    <\/div>\n                                    <div class=\"eo-customers-item\">\n                        <div class=\"eo-customers-item-logo\">\n                            <img decoding=\"async\" data-src=\"https:\/\/cdn10757.templcdn.com\/fi\/wp-content\/uploads\/sites\/4\/2021\/05\/caverion-logo.png\" alt=\"EL-VIS ikon\" class=\"eo-customers-item-logo-item lazyload\" src=\"data:image\/svg+xml;base64,PHN2ZyB3aWR0aD0iMSIgaGVpZ2h0PSIxIiB4bWxucz0iaHR0cDovL3d3dy53My5vcmcvMjAwMC9zdmciPjwvc3ZnPg==\" style=\"--smush-placeholder-width: 200px; --smush-placeholder-aspect-ratio: 200\/100;\">\n                        <\/div>\n                    <\/div>\n                                    <div class=\"eo-customers-item\">\n                        <div class=\"eo-customers-item-logo\">\n                            <img decoding=\"async\" data-src=\"https:\/\/cdn10757.templcdn.com\/fi\/wp-content\/uploads\/sites\/4\/2021\/05\/mariehamns-energi-logo.png\" alt=\"EL-VIS ikon\" class=\"eo-customers-item-logo-item lazyload\" src=\"data:image\/svg+xml;base64,PHN2ZyB3aWR0aD0iMSIgaGVpZ2h0PSIxIiB4bWxucz0iaHR0cDovL3d3dy53My5vcmcvMjAwMC9zdmciPjwvc3ZnPg==\" style=\"--smush-placeholder-width: 200px; --smush-placeholder-aspect-ratio: 200\/100;\">\n                        <\/div>\n                    <\/div>\n                                    <div class=\"eo-customers-item\">\n                        <div class=\"eo-customers-item-logo\">\n                            <img decoding=\"async\" data-src=\"https:\/\/cdn10757.templcdn.com\/fi\/wp-content\/uploads\/sites\/4\/2021\/09\/Bravida-1.png\" alt=\"EL-VIS ikon\" class=\"eo-customers-item-logo-item lazyload\" src=\"data:image\/svg+xml;base64,PHN2ZyB3aWR0aD0iMSIgaGVpZ2h0PSIxIiB4bWxucz0iaHR0cDovL3d3dy53My5vcmcvMjAwMC9zdmciPjwvc3ZnPg==\" style=\"--smush-placeholder-width: 1600px; --smush-placeholder-aspect-ratio: 1600\/538;\">\n                        <\/div>\n                    <\/div>\n                                    <div class=\"eo-customers-item\">\n                        <div class=\"eo-customers-item-logo\">\n                            <img decoding=\"async\" data-src=\"https:\/\/cdn10757.templcdn.com\/fi\/wp-content\/uploads\/sites\/4\/2021\/06\/assemblin-logo.png\" alt=\"EL-VIS ikon\" class=\"eo-customers-item-logo-item lazyload\" src=\"data:image\/svg+xml;base64,PHN2ZyB3aWR0aD0iMSIgaGVpZ2h0PSIxIiB4bWxucz0iaHR0cDovL3d3dy53My5vcmcvMjAwMC9zdmciPjwvc3ZnPg==\" style=\"--smush-placeholder-width: 300px; --smush-placeholder-aspect-ratio: 300\/138;\">\n                        <\/div>\n                    <\/div>\n                            <\/div>\n        <\/div>\n    <\/div>\n\n\n\n<div class=\"eo-try-out\">\n    <div class=\"eo-try-out-inner\">\n        <header class=\"eo-try-out-header\">\n                            <h2 class=\"eo-try-out-header-heading\">\n                    Kom ig\u00e5ng med EL-VIS                <\/h2>\n            \n                            <p class=\"eo-try-out-header-text is-lead\">\n                    B\u00f6rja jobba enkelt, smart och s\u00e4kert redan idag!                <\/p>\n            \n                            <a\n                    href=\"https:\/\/app.el-vis.com\/#\/login\/create-user\"\n                    target=\"_blank\"\n                    class=\"eo-try-out-header-link eo-button is-primary\"\n                >\n                    Prova gratis                <\/a>\n            \n                            <div class=\"eo-try-out-header-info\">\n                    <p>Du kan ocks\u00e5 kontakta oss genom att <a href=\"mailto:info@el-vis.fi\">mejla oss<\/a><\/p>\n                <\/div>\n                    <\/header>\n    <\/div>\n<\/div>\n","protected":false},"excerpt":{"rendered":"","protected":false},"author":1,"featured_media":0,"parent":0,"menu_order":0,"comment_status":"closed","ping_status":"closed","template":"","meta":{"_acf_changed":false,"inline_featured_image":false,"footnotes":""},"class_list":["post-113","page","type-page","status-publish","hentry"],"acf":[],"yoast_head":"<!-- This site is optimized with the Yoast SEO plugin v25.2 - https:\/\/yoast.com\/wordpress\/plugins\/seo\/ -->\n<title>Referenser - EL-VIS Finland<\/title>\n<meta name=\"robots\" content=\"index, follow, max-snippet:-1, max-image-preview:large, max-video-preview:-1\" \/>\n<link rel=\"canonical\" href=\"https:\/\/el-vis.com\/fi\/sv\/referenser\/\" \/>\n<meta property=\"og:locale\" content=\"sv_SE\" \/>\n<meta property=\"og:type\" content=\"article\" \/>\n<meta property=\"og:title\" content=\"Referenser - EL-VIS Finland\" \/>\n<meta property=\"og:url\" content=\"https:\/\/el-vis.com\/fi\/sv\/referenser\/\" \/>\n<meta property=\"og:site_name\" content=\"EL-VIS Finland\" \/>\n<meta property=\"article:modified_time\" content=\"2024-07-25T16:38:58+00:00\" \/>\n<meta name=\"twitter:card\" content=\"summary_large_image\" \/>\n<meta name=\"twitter:label1\" content=\"Ber\u00e4knad l\u00e4stid\" \/>\n\t<meta name=\"twitter:data1\" content=\"3 minuter\" \/>\n<script type=\"application\/ld+json\" class=\"yoast-schema-graph\">{\"@context\":\"https:\/\/schema.org\",\"@graph\":[{\"@type\":\"WebPage\",\"@id\":\"https:\/\/el-vis.com\/fi\/sv\/referenser\/\",\"url\":\"https:\/\/el-vis.com\/fi\/sv\/referenser\/\",\"name\":\"Referenser - EL-VIS Finland\",\"isPartOf\":{\"@id\":\"https:\/\/el-vis.com\/fi\/sv\/#website\"},\"datePublished\":\"2021-05-13T22:01:29+00:00\",\"dateModified\":\"2024-07-25T16:38:58+00:00\",\"breadcrumb\":{\"@id\":\"https:\/\/el-vis.com\/fi\/sv\/referenser\/#breadcrumb\"},\"inLanguage\":\"sv-SE\",\"potentialAction\":[{\"@type\":\"ReadAction\",\"target\":[\"https:\/\/el-vis.com\/fi\/sv\/referenser\/\"]}]},{\"@type\":\"BreadcrumbList\",\"@id\":\"https:\/\/el-vis.com\/fi\/sv\/referenser\/#breadcrumb\",\"itemListElement\":[{\"@type\":\"ListItem\",\"position\":1,\"name\":\"Home\",\"item\":\"https:\/\/el-vis.com\/fi\/sv\/\"},{\"@type\":\"ListItem\",\"position\":2,\"name\":\"Referenser\"}]},{\"@type\":\"WebSite\",\"@id\":\"https:\/\/el-vis.com\/fi\/sv\/#website\",\"url\":\"https:\/\/el-vis.com\/fi\/sv\/\",\"name\":\"EL-VIS Finland\",\"description\":\"Digitala verktyg f\u00f6r elbranschen\",\"potentialAction\":[{\"@type\":\"SearchAction\",\"target\":{\"@type\":\"EntryPoint\",\"urlTemplate\":\"https:\/\/el-vis.com\/fi\/sv\/?s={search_term_string}\"},\"query-input\":{\"@type\":\"PropertyValueSpecification\",\"valueRequired\":true,\"valueName\":\"search_term_string\"}}],\"inLanguage\":\"sv-SE\"}]}<\/script>\n<!-- \/ Yoast SEO plugin. -->","yoast_head_json":{"title":"Referenser - EL-VIS Finland","robots":{"index":"index","follow":"follow","max-snippet":"max-snippet:-1","max-image-preview":"max-image-preview:large","max-video-preview":"max-video-preview:-1"},"canonical":"https:\/\/el-vis.com\/fi\/sv\/referenser\/","og_locale":"sv_SE","og_type":"article","og_title":"Referenser - EL-VIS Finland","og_url":"https:\/\/el-vis.com\/fi\/sv\/referenser\/","og_site_name":"EL-VIS Finland","article_modified_time":"2024-07-25T16:38:58+00:00","twitter_card":"summary_large_image","twitter_misc":{"Ber\u00e4knad l\u00e4stid":"3 minuter"},"schema":{"@context":"https:\/\/schema.org","@graph":[{"@type":"WebPage","@id":"https:\/\/el-vis.com\/fi\/sv\/referenser\/","url":"https:\/\/el-vis.com\/fi\/sv\/referenser\/","name":"Referenser - EL-VIS Finland","isPartOf":{"@id":"https:\/\/el-vis.com\/fi\/sv\/#website"},"datePublished":"2021-05-13T22:01:29+00:00","dateModified":"2024-07-25T16:38:58+00:00","breadcrumb":{"@id":"https:\/\/el-vis.com\/fi\/sv\/referenser\/#breadcrumb"},"inLanguage":"sv-SE","potentialAction":[{"@type":"ReadAction","target":["https:\/\/el-vis.com\/fi\/sv\/referenser\/"]}]},{"@type":"BreadcrumbList","@id":"https:\/\/el-vis.com\/fi\/sv\/referenser\/#breadcrumb","itemListElement":[{"@type":"ListItem","position":1,"name":"Home","item":"https:\/\/el-vis.com\/fi\/sv\/"},{"@type":"ListItem","position":2,"name":"Referenser"}]},{"@type":"WebSite","@id":"https:\/\/el-vis.com\/fi\/sv\/#website","url":"https:\/\/el-vis.com\/fi\/sv\/","name":"EL-VIS Finland","description":"Digitala verktyg f\u00f6r elbranschen","potentialAction":[{"@type":"SearchAction","target":{"@type":"EntryPoint","urlTemplate":"https:\/\/el-vis.com\/fi\/sv\/?s={search_term_string}"},"query-input":{"@type":"PropertyValueSpecification","valueRequired":true,"valueName":"search_term_string"}}],"inLanguage":"sv-SE"}]}},"_links":{"self":[{"href":"https:\/\/el-vis.com\/fi\/sv\/wp-json\/wp\/v2\/pages\/113","targetHints":{"allow":["GET"]}}],"collection":[{"href":"https:\/\/el-vis.com\/fi\/sv\/wp-json\/wp\/v2\/pages"}],"about":[{"href":"https:\/\/el-vis.com\/fi\/sv\/wp-json\/wp\/v2\/types\/page"}],"author":[{"embeddable":true,"href":"https:\/\/el-vis.com\/fi\/sv\/wp-json\/wp\/v2\/users\/1"}],"replies":[{"embeddable":true,"href":"https:\/\/el-vis.com\/fi\/sv\/wp-json\/wp\/v2\/comments?post=113"}],"version-history":[{"count":17,"href":"https:\/\/el-vis.com\/fi\/sv\/wp-json\/wp\/v2\/pages\/113\/revisions"}],"predecessor-version":[{"id":1712,"href":"https:\/\/el-vis.com\/fi\/sv\/wp-json\/wp\/v2\/pages\/113\/revisions\/1712"}],"wp:attachment":[{"href":"https:\/\/el-vis.com\/fi\/sv\/wp-json\/wp\/v2\/media?parent=113"}],"curies":[{"name":"wp","href":"https:\/\/api.w.org\/{rel}","templated":true}]}}