{"id":1199,"date":"2021-08-30T13:14:21","date_gmt":"2021-08-30T13:14:21","guid":{"rendered":"https:\/\/el-vis.com\/fi\/?page_id=1199"},"modified":"2021-08-31T05:17:03","modified_gmt":"2021-08-31T05:17:03","slug":"anvandarvillkor","status":"publish","type":"page","link":"https:\/\/el-vis.com\/fi\/sv\/anvandarvillkor\/","title":{"rendered":"Anv\u00e4ndarvillkor"},"content":{"rendered":"\n\n<div class=\"eo-hero  \">\n    <div class=\"eo-hero-inner\">\n                    <div class=\"eo-hero-icon\">\n                                                            <img decoding=\"async\" src=\"https:\/\/cdn10757.templcdn.com\/fi\/wp-content\/themes\/elvis_com\/assets\/static\/images\/el-vis-icon.svg\" alt=\"EL-VIS Anv\u00e4ndarvillkor\" class=\"eo-hero-icon-item\">\n                                                <\/div>\n        \n        <header class=\"eo-hero-header\">\n                            <h1 class=\"eo-hero-header-heading is-red\">\n                    Anv\u00e4ndarvillkor                <\/h1>\n            \n                            <div class=\"eo-hero-header-text is-lead\">\n                    <p><strong>Version 7 (2021-08-01)<\/strong><\/p>\n                <\/div>\n            \n                            <div class=\"eo-hero-header-conditional is-\">\n                                    <\/div>\n                    <\/header>\n\n                    <div class=\"eo-hero-buttons eo-button-group is-center\">\n                \n                \n                \n                \n            <\/div>\n            <\/div>\n\n    <\/div>\n\n\n\n\n\n\n\n<div class=\"eo-article\">\n    <div class=\"eo-article-item\">\n        <div class=\"eo-article-item-text\">\n            <h1>1 Inledning<\/h1>\n<p>Dessa allm\u00e4nna best\u00e4mmelser reglerar Licenstagarens, Licensgivarens respektive Anv\u00e4ndarens r\u00e4ttigheter och skyldigheter i samband med tillhandah\u00e5llandet respektive nyttjandet av Produkten, om ingenting annat uttryckligen har avtalats mellan Licensgivaren och Licenstagaren.<\/p>\n<p>Licenstagaren blir bunden av dessa allm\u00e4nna best\u00e4mmelser genom att fullf\u00f6lja installations- eller inloggningsprocessen och d\u00e4rvid bekr\u00e4fta att Licenstagaren har tagit del av och accepterat de allm\u00e4nna best\u00e4mmelserna eller genom att p\u00e5 annat s\u00e4tt acceptera de allm\u00e4nna best\u00e4mmelserna. Licenstagaren ansvarar i och med ing\u00e5ende av Avtalet tillse att Anv\u00e4ndare inom Licenstagarens organisation accepterat dessa allm\u00e4nna best\u00e4mmelser. Anv\u00e4ndare skall alltid anses vara bunden av dessa allm\u00e4nna best\u00e4mmelser i och med dennes nyttjande av hela eller del av Produkten.<\/p>\n<p>Licensgivaren, Licenstagaren respektive Anv\u00e4ndaren \u00e5tar sig att f\u00f6lja vad som anges i dessa allm\u00e4nna best\u00e4mmelser vid tillhandah\u00e5llandet, respektive nyttjandet av Produkten.<\/p>\n<h1>2 Definitioner<\/h1>\n<p><strong>Produkten<\/strong> \u00e4r den eller de tj\u00e4nster som Licensgivaren genom Avtalet tillhandah\u00e5ller Licenstagaren under namnet EL-VIS, med funktioner i enlighet med fr\u00e5n tid till annan, av Licensgivaren uppr\u00e4ttad, g\u00e4llande produktspecifikation.<\/p>\n<p><strong>Licensgivaren<\/strong> \u00e4r EL-Info i V\u00e4xj\u00f6 AB, org.nr. <strong>556492\u20131756<\/strong>, och innehar de immateriella r\u00e4ttigheterna till Produkten samt r\u00e4tten att s\u00e5v\u00e4l sj\u00e4lv som genom annan tillhandah\u00e5lla Produkten.<\/p>\n<p><strong>Licenstagaren<\/strong> \u00e4r en n\u00e4ringsidkare eller privatperson som har ing\u00e5tt avtal med Licensgivaren avseende nyttjande av Produkten.<\/p>\n<p><strong>Anv\u00e4ndaren<\/strong> \u00e4r en fysisk person inom Licenstagarens organisation som har givits r\u00e4tt att anv\u00e4nda Produkten. Genom Anv\u00e4ndaren nyttjar Licenstagaren Produkten. Anv\u00e4ndaren \u00e4ger endast r\u00e4tt att anv\u00e4nda Produkten f\u00f6r Licenstagarens r\u00e4kning.<\/p>\n<p><strong>Avtalet<\/strong> \u00e4r det avtal som Licensgivaren och Licenstagaren har ing\u00e5tt avseende Produkten och inkluderar alltid dessa allm\u00e4nna best\u00e4mmelser.<\/p>\n<h1>3 R\u00e4tten till produkten<\/h1>\n<p>Upphovsr\u00e4tt till datorprogram, onlinetj\u00e4nster, presentationer, databaser och andra verk samt alla andra immateriella r\u00e4ttigheter avseende Produkten och andra produkter som Licensgivaren f\u00e5r tillg\u00e5ng till genom Avtalet tillkommer Licensgivaren eller tredje part p\u00e5 Licensgivarens sida. S\u00e5dana r\u00e4ttigheter tillkommer inte Licenstagaren. Dessa r\u00e4ttigheter f\u00e5r endast nyttjas av Licenstagaren i direkt anslutning till Produkten i den utstr\u00e4ckning som uttryckligen anges i Avtalet. Samtliga r\u00e4ttigheter som inte uttryckligen uppl\u00e5ts till Licenstagaren \u00e4r f\u00f6rbeh\u00e5llna Licensgivaren eller tredje part p\u00e5 Licensgivarens sida.<\/p>\n<p>F\u00f6r anv\u00e4ndande av Produkten kr\u00e4vs att Licenstagaren har tillg\u00e5ng till utrustning i form av h\u00e5rd- och mjukvara. Licensgivaren ansvarar inte f\u00f6r att s\u00e5dan utrustning finns eller att utrustningen \u00e4r tillr\u00e4cklig f\u00f6r att kunna nyttja Produkten.<\/p>\n<h1>4 Uppl\u00e5telse och anv\u00e4ndning av Produkten<\/h1>\n<h2>4.1 Allm\u00e4nt<\/h2>\n<p>Genom Avtalet uppl\u00e5ter Licensgivaren till Licenstagaren en i tiden obegr\u00e4nsad, icke-exklusiv r\u00e4tt att, som ett led i sin yrkesm\u00e4ssiga verksamhet, nyttja Produkten i enlighet med de villkor som anges i dessa allm\u00e4nna best\u00e4mmelser. Nyttjander\u00e4tten till Produkten, samt begr\u00e4nsningar i denna nyttjander\u00e4tt, omfattar i Produkten ing\u00e5ende datorprogram, onlinetj\u00e4nster, databaser och andra verk.<\/p>\n<p>Licensgivarens uppl\u00e5telse av nyttjander\u00e4tten till Produkten f\u00f6ruts\u00e4tter att anv\u00e4ndning av Produkten sker i enlighet med dessa allm\u00e4nna best\u00e4mmelser. Om Anv\u00e4ndaren inte f\u00f6ljer inneh\u00e5llet i dessa allm\u00e4nna best\u00e4mmelser har Anv\u00e4ndaren inte n\u00e5gon r\u00e4tt att installera eller nyttja Produkten.<\/p>\n<p>F\u00f6r att Licenstagaren skall ha r\u00e4tt att nyttja ett \u00e5rsabonnemang eller annan uppdatering avseende Produkten m\u00e5ste Licenstagaren f\u00f6rst f\u00f6rv\u00e4rva r\u00e4tt att nyttja den ursprungliga Produkten som \u00e5rsabonnemanget eller uppdateringen avser.<\/p>\n<p>Licenstagaren har r\u00e4tt att framst\u00e4lla exemplar av i Produkten ing\u00e5ende datorprogram som m\u00e5ste framst\u00e4llas av tekniska sk\u00e4l vid exekveringen av dessa datorprogram, det vill s\u00e4ga s\u00e5 kallade brukskopior, och h\u00e4rvid tillgodog\u00f6ra sig Produkten genom det grafiska anv\u00e4ndargr\u00e4nssnitt som \u00e4r en del av Produkten.<\/p>\n<p>Med undantag f\u00f6r vad som anges i f\u00f6reg\u00e5ende stycke f\u00e5r Licenstagaren inte framst\u00e4lla n\u00e5gra exemplar, vare sig i ursprungligt eller \u00e4ndrat skick och oavsett teknisk framst\u00e4llningsform, av Produkten och s\u00e5ledes inte heller f\u00f6r enskilt eget bruk.<\/p>\n<p>Licenstagaren erh\u00e5ller inte tillg\u00e5ng till n\u00e5gon k\u00e4llkod till Produkten och inte heller n\u00e5gon r\u00e4tt att modifiera koden, vare sig det r\u00f6r sig om att r\u00e4tta fel eller g\u00f6ra funktionella \u00e4ndringar eller dekompilera Produkten.<\/p>\n<p>Licenstagaren f\u00e5r inte avl\u00e4gsna eller \u00e4ndra m\u00e4rkning eller annan uppgift om upphovsr\u00e4tt i Produkten.<\/p>\n<p>Licenstagaren f\u00e5r inte, mot eller utan vederlag, \u00f6verl\u00e5ta eller uppl\u00e5ta hela eller del av Produkten eller den till Produkten erh\u00e5llna nyttjander\u00e4tten.<\/p>\n<p>Licenstagaren skall i \u00f6vrigt f\u00f6lja svensk till\u00e4mplig lagstiftning och internationella till\u00e4mpliga avtal, s\u00e5som upphovsr\u00e4ttslagen, EU:s dataskyddsf\u00f6rordning (GDPR) och samtliga andra till\u00e4mpliga lagar och f\u00f6rordningar i samband med utnyttjandet av Produkten.<\/p>\n<p>Licenstagaren ansvarar f\u00f6r att Licensgivarens aff\u00e4rsetiska grundprinciper efterf\u00f6ljs. Licensgivarens aff\u00e4rsetiska grundprinciper inneb\u00e4r att Tj\u00e4nsten, under inga omst\u00e4ndigheter, f\u00e5r anv\u00e4ndas f\u00f6r hantering av eller lagring av text, bilder, filmer eller ljud som har pornografiskt inneh\u00e5ll eller annat inneh\u00e5ll som kan uppfattas som anst\u00f6tligt, rasistiskt, allm\u00e4nt ol\u00e4mpligt eller fr\u00e4mjar brottslighet. Licensgivaren har r\u00e4tt att s\u00e4ga upp Avtalet med omedelbar verkan om Licensgivaren anser att Licenstagaren bryter mot n\u00e5gon del av Avtalet eller Licensgivarens aff\u00e4rsetiska grundprinciper. Betald avgift \u00e5terbetalas inte vid Tj\u00e4nstens upph\u00f6rande av ovan uppr\u00e4knade sk\u00e4l.<\/p>\n<p>I den m\u00e5n s\u00e4rskilda villkor g\u00e4ller f\u00f6r delar av Produkten, eller andra varor och\/eller tj\u00e4nster som Licenstagaren erh\u00e5ller tillg\u00e5ng till genom Avtalet, \u00e4r Licenstagaren och Anv\u00e4ndaren skyldiga att f\u00f6lja s\u00e5dana villkor. F\u00f6r tydlighetens skull skall anges att Licenstagaren och Anv\u00e4ndaren m\u00e5ste f\u00f6lja de regler som anges av SEK Svensk Elstandard, vid anv\u00e4ndandet av SEK-standarder och\/eller Handb\u00f6cker i den m\u00e5n s\u00e5dana ing\u00e5r i Produkten. Dessa villkor finns tillg\u00e4ngliga i ett PDF-dokument som \u00e5terfinns tillsammans med Produkten.<\/p>\n<p>Uppl\u00e5telse sker i \u00f6vrigt endast i den m\u00e5n detta inte inneb\u00e4r intr\u00e5ng i tredje parts r\u00e4ttighet.<\/p>\n<p>Uppl\u00e5telsen eller Avtalet i \u00f6vrigt inneb\u00e4r inte att n\u00e5gon av de i punkten 3 f\u00f6rsta stycket angivna r\u00e4ttigheter \u00f6verg\u00e5r till Licenstagaren.<\/p>\n<h2>4.2 Licenser<\/h2>\n<h3>4.2.1 Standard<\/h3>\n<p>Om ingenting annat har avtalats har Licenstagaren f\u00f6rv\u00e4rvat en Standardlicens f\u00f6r en (1) anv\u00e4ndare.<\/p>\n<p>F\u00f6r EL-VIS Desktop eller EL-VIS Maxikod avser standardlicens nyttjander\u00e4tt till Produkten f\u00f6r \u00f6verenskommet antal Anv\u00e4ndare inom samma organisation p\u00e5 en geografisk plats.<\/p>\n<p>F\u00f6r EL-VIS Online och andra onlinetj\u00e4nster avser standardlicens nyttjander\u00e4tt till Produkten f\u00f6r \u00f6verenskommet antal Anv\u00e4ndare inom samma organisation oavsett geografisk plats.<\/p>\n<h3>4.2.2 Central (Enterprise)<\/h3>\n<p>Centrallicens avser nyttjander\u00e4tt till Produkten f\u00f6r \u00f6verenskommet antal Anv\u00e4ndare inom samma organisation, oavsett geografisk plats.<\/p>\n<h3>4.2.3 Student<\/h3>\n<p>Studentlicens avser nyttjander\u00e4tt till Produkten f\u00f6r en (1) Anv\u00e4ndare som bevisligen l\u00e4ser till elbeh\u00f6righet.<\/p>\n<p>Studentlicens f\u00e5r enbart anv\u00e4ndas till studier. F\u00f6r att anv\u00e4ndas i kommersiellt syfte ska en Standardlicens eller Centrallicens inf\u00f6rskaffas.<\/p>\n<h3>4.2.4 Skola<\/h3>\n<p>Skollicens avser nyttjander\u00e4tt till Produkten f\u00f6r obegr\u00e4nsat antal Anv\u00e4ndare inom samma skola p\u00e5 en geografisk plats.<\/p>\n<p>Skollicens f\u00e5r enbart anv\u00e4ndas till studier. F\u00f6r att anv\u00e4ndas i kommersiellt syfte ska en Standardlicens eller Centrallicens inf\u00f6rskaffas.<\/p>\n<h2>4.3 Registrering av uppgifter<\/h2>\n<p>Uppgifter om Licenstagaren som inh\u00e4mtas i samband med att detta avtal ing\u00e5s mellan parterna. Uppgifter behandlas av Licensgivaren f\u00f6r ing\u00e5ende, administration och fullg\u00f6relse av parternas avtal. Vidare f\u00f6r att Licensgivaren ska kunna f\u00f6rb\u00e4ttra Produkten och f\u00f6r att Licensgivaren ska kunna bevaka efterlevnaden av detta avtal.<\/p>\n<p>Om Licenstagaren \u00e4r en fysisk person \u00e4r ovan n\u00e4mnda uppgifter att beteckna som personuppgifter. S\u00e5dan Licenstagare l\u00e4mnar h\u00e4rigenom sitt samtycke till att Licensgivaren behandlar erh\u00e5llna personuppgifter. Licensgivaren \u00e5tar sig att behandla personuppgifter i enlighet med de \u00e4ndam\u00e5l som angivits i detta avtal och i enlighet med vid varje tidpunkt g\u00e4llande r\u00e4tt (EU:s Dataskyddsf\u00f6rordning, GDPR). Den som vill ha information om vilka personuppgifter om honom eller henne som behandlas, kan skriftligen beg\u00e4ra utf\u00e5ende av informationen fr\u00e5n Licensgivaren.<\/p>\n<p>Se g\u00e4llande integritetspolicy p\u00e5 <a href=\"https:\/\/el-vis.com\/integritetspolicy\">https:\/\/el-vis.com\/integritetspolicy<\/a><\/p>\n<h1>5 \u00d6verl\u00e5telse av avtal<\/h1>\n<p>Licenstagaren f\u00e5r inte \u00f6verl\u00e5ta eller uppl\u00e5ta hela eller delar av Avtalet utan Licensgivaren uttryckliga medgivande. \u00d6verl\u00e5telse, uppl\u00e5telse respektive eventuellt medgivande skall ske skriftligen. Licensgivaren har vid \u00f6verl\u00e5telse r\u00e4tt till en administrationsavgift.<\/p>\n<p>Licensgivaren f\u00e5r utan Licenstagarens medgivande \u00f6verl\u00e5ta samtliga eller vissa av sina r\u00e4ttigheter enligt Avtalet. Licensgivaren har \u00e4ven r\u00e4tt att utan Licenstagarens medgivande \u00f6verl\u00e5ta sina skyldigheter enligt Avtalet, till ett annat bolag inom samma koncern eller till tredje part som f\u00f6rv\u00e4rvar en v\u00e4sentlig del av Licensgivarens verksamhet.<\/p>\n<h1>6 Licensgivarens ansvar<\/h1>\n<p>Licensgivaren garanterar inte att Produkten \u00e4r fri fr\u00e5n programfel eller liknande fel, r\u00e4ttighetsfel eller fel i Produktens funktionalitet, kvalitet eller l\u00e4mplighet i \u00f6vrigt.<\/p>\n<p>Vid intr\u00e4ffande av ovan angivna fel \u00e4r Licenstagaren s\u00e5ledes inte ber\u00e4ttigad till avhj\u00e4lpande, omleverans, prisavdrag, h\u00e4vning, ers\u00e4ttning eller annan form av p\u00e5f\u00f6ljd.<\/p>\n<p>Licensgivaren ansvarar ej f\u00f6r att Licenstagarens uppgifter \u00e4r uppdaterade.<\/p>\n<p>Licensgivaren \u00e4r inte ers\u00e4ttningsskyldig eller p\u00e5 annat s\u00e4tt ansvarig f\u00f6r n\u00e5gon form av direkta eller indirekta skador hos Licenstagaren eller annan part som kan intr\u00e4ffa p\u00e5 grund av fel i Produkten eller fel eller f\u00f6rsummelse fr\u00e5n Licensgivarens sida. Exempel p\u00e5 s\u00e5dana fel \u00e4r brister eller fel i programvaror och\/eller data, f\u00f6rlorade data, immaterialr\u00e4ttsliga fel etc.<\/p>\n<h1>7 Avgifter och betalning<\/h1>\n<p>Om annat inte anges i Avtalet skall Licenstagaren f\u00f6r sin nyttjander\u00e4tt till Produkten erl\u00e4gga en avgift till Licensgivaren enligt den vid faktureringstillf\u00e4llet g\u00e4llande prislistan hos Licensgivaren.<\/p>\n<p>Licenstagaren erl\u00e4gger avgift f\u00f6r Produkten mot faktura. Faktura skickas i samband med att Licenstagaren erh\u00e5ller r\u00e4tt att anv\u00e4nda Produkten. I den m\u00e5n avgiften avser \u00e5rsabonnemang eller annan \u00e5rsavgift erl\u00e4gger Licenstagaren avgift f\u00f6r Produkten i form av f\u00f6rskottsbetalning per \u00e5r mot faktura.<\/p>\n<p>Eventuell anm\u00e4rkning mot faktura m\u00e5ste ske inom 14 dagar fr\u00e5n fakturadatum f\u00f6r att f\u00e5 \u00e5beropas. Betalningsvillkor \u00e4r trettio dagar fr\u00e5n fakturadatum. Licensgivaren har dock r\u00e4tt att \u00e4ndra betalningsvillkoren om Licensgivaren anser det vara motiverat p\u00e5 grund av Licenstagarens ekonomiska f\u00f6rh\u00e5llanden. Dr\u00f6jsm\u00e5lsr\u00e4nta debiteras fr\u00e5n f\u00f6rfallodagen med g\u00e4llande referensr\u00e4nta plus \u00e5tta procentenheter. Licensgivaren har r\u00e4tt att ta ut sedvanliga avgifter f\u00f6r fakturering och betalningsp\u00e5minnelse.<\/p>\n<h1>8 Avtalstid<\/h1>\n<p>Avtal avseende abonnemang p\u00e5 Produkten g\u00e4ller, om annat inte uttryckligen avtalats, tillsvidare.<\/p>\n<p>Fr\u00e5n den m\u00e5nad Avtal ing\u00e5s g\u00e4ller bindningstid p\u00e5 tolv (12) m\u00e5nader. D\u00e4refter l\u00f6per Avtalet p\u00e5 tillsvidare. Upps\u00e4gningstid om tre (3) m\u00e5nader g\u00e4ller.<\/p>\n<p>Vardera part har r\u00e4tt att s\u00e4ga upp Avtalet med omedelbar verkan om den andra parten f\u00f6rs\u00e4tts i konkurs, likvidation, upptar ackordsf\u00f6rhandlingar, inst\u00e4ller sina betalningar eller annars kan antas ha kommit p\u00e5 obest\u00e5nd.<\/p>\n<p>Om Licenstagaren inte f\u00f6ljer vad som \u00e4r angivet i dessa allm\u00e4nna best\u00e4mmelser har Licensgivaren r\u00e4tt att s\u00e4ga upp Avtalet med omedelbar verkan. Licensgivaren har i f\u00f6rekommande fall \u00e4ven r\u00e4tt till ers\u00e4ttning f\u00f6r samtliga skador som Licensgivaren lidit p\u00e5 grund av avtalsbrottet, detta oavsett om h\u00e4vning av Avtalet har skett.<\/p>\n<h1>9 Lagstiftning och tvist<\/h1>\n<p>Svensk r\u00e4tt skall vara till\u00e4mplig p\u00e5 Avtalet.<\/p>\n<p>Eventuell tvist i anledning av Avtalet skall avg\u00f6ras av allm\u00e4n domstol med V\u00e4xj\u00f6 tingsr\u00e4tt som f\u00f6rsta instans.<\/p>\n<p style=\"text-align: center;\">*****<\/p>\n        <\/div>\n    <\/div>\n<\/div>\n","protected":false},"excerpt":{"rendered":"","protected":false},"author":3,"featured_media":0,"parent":0,"menu_order":0,"comment_status":"closed","ping_status":"closed","template":"","meta":{"_acf_changed":false,"inline_featured_image":false,"footnotes":""},"class_list":["post-1199","page","type-page","status-publish","hentry"],"acf":[],"yoast_head":"<!-- This site is optimized with the Yoast SEO plugin v25.2 - https:\/\/yoast.com\/wordpress\/plugins\/seo\/ -->\n<title>Anv\u00e4ndarvillkor - EL-VIS Finland<\/title>\n<meta name=\"robots\" content=\"noindex, follow\" \/>\n<meta property=\"og:locale\" content=\"sv_SE\" \/>\n<meta property=\"og:type\" content=\"article\" \/>\n<meta property=\"og:title\" content=\"Anv\u00e4ndarvillkor - EL-VIS Finland\" \/>\n<meta property=\"og:url\" content=\"https:\/\/el-vis.com\/fi\/sv\/anvandarvillkor\/\" \/>\n<meta property=\"og:site_name\" content=\"EL-VIS Finland\" \/>\n<meta property=\"article:modified_time\" content=\"2021-08-31T05:17:03+00:00\" \/>\n<meta name=\"twitter:card\" content=\"summary_large_image\" \/>\n<script type=\"application\/ld+json\" class=\"yoast-schema-graph\">{\"@context\":\"https:\/\/schema.org\",\"@graph\":[{\"@type\":\"WebPage\",\"@id\":\"https:\/\/el-vis.com\/fi\/sv\/anvandarvillkor\/\",\"url\":\"https:\/\/el-vis.com\/fi\/sv\/anvandarvillkor\/\",\"name\":\"Anv\u00e4ndarvillkor - EL-VIS Finland\",\"isPartOf\":{\"@id\":\"https:\/\/el-vis.com\/fi\/sv\/#website\"},\"datePublished\":\"2021-08-30T13:14:21+00:00\",\"dateModified\":\"2021-08-31T05:17:03+00:00\",\"breadcrumb\":{\"@id\":\"https:\/\/el-vis.com\/fi\/sv\/anvandarvillkor\/#breadcrumb\"},\"inLanguage\":\"sv-SE\",\"potentialAction\":[{\"@type\":\"ReadAction\",\"target\":[\"https:\/\/el-vis.com\/fi\/sv\/anvandarvillkor\/\"]}]},{\"@type\":\"BreadcrumbList\",\"@id\":\"https:\/\/el-vis.com\/fi\/sv\/anvandarvillkor\/#breadcrumb\",\"itemListElement\":[{\"@type\":\"ListItem\",\"position\":1,\"name\":\"Home\",\"item\":\"https:\/\/el-vis.com\/fi\/sv\/\"},{\"@type\":\"ListItem\",\"position\":2,\"name\":\"Anv\u00e4ndarvillkor\"}]},{\"@type\":\"WebSite\",\"@id\":\"https:\/\/el-vis.com\/fi\/sv\/#website\",\"url\":\"https:\/\/el-vis.com\/fi\/sv\/\",\"name\":\"EL-VIS Finland\",\"description\":\"Digitala verktyg f\u00f6r elbranschen\",\"potentialAction\":[{\"@type\":\"SearchAction\",\"target\":{\"@type\":\"EntryPoint\",\"urlTemplate\":\"https:\/\/el-vis.com\/fi\/sv\/?s={search_term_string}\"},\"query-input\":{\"@type\":\"PropertyValueSpecification\",\"valueRequired\":true,\"valueName\":\"search_term_string\"}}],\"inLanguage\":\"sv-SE\"}]}<\/script>\n<!-- \/ Yoast SEO plugin. -->","yoast_head_json":{"title":"Anv\u00e4ndarvillkor - EL-VIS Finland","robots":{"index":"noindex","follow":"follow"},"og_locale":"sv_SE","og_type":"article","og_title":"Anv\u00e4ndarvillkor - EL-VIS Finland","og_url":"https:\/\/el-vis.com\/fi\/sv\/anvandarvillkor\/","og_site_name":"EL-VIS Finland","article_modified_time":"2021-08-31T05:17:03+00:00","twitter_card":"summary_large_image","schema":{"@context":"https:\/\/schema.org","@graph":[{"@type":"WebPage","@id":"https:\/\/el-vis.com\/fi\/sv\/anvandarvillkor\/","url":"https:\/\/el-vis.com\/fi\/sv\/anvandarvillkor\/","name":"Anv\u00e4ndarvillkor - EL-VIS Finland","isPartOf":{"@id":"https:\/\/el-vis.com\/fi\/sv\/#website"},"datePublished":"2021-08-30T13:14:21+00:00","dateModified":"2021-08-31T05:17:03+00:00","breadcrumb":{"@id":"https:\/\/el-vis.com\/fi\/sv\/anvandarvillkor\/#breadcrumb"},"inLanguage":"sv-SE","potentialAction":[{"@type":"ReadAction","target":["https:\/\/el-vis.com\/fi\/sv\/anvandarvillkor\/"]}]},{"@type":"BreadcrumbList","@id":"https:\/\/el-vis.com\/fi\/sv\/anvandarvillkor\/#breadcrumb","itemListElement":[{"@type":"ListItem","position":1,"name":"Home","item":"https:\/\/el-vis.com\/fi\/sv\/"},{"@type":"ListItem","position":2,"name":"Anv\u00e4ndarvillkor"}]},{"@type":"WebSite","@id":"https:\/\/el-vis.com\/fi\/sv\/#website","url":"https:\/\/el-vis.com\/fi\/sv\/","name":"EL-VIS Finland","description":"Digitala verktyg f\u00f6r elbranschen","potentialAction":[{"@type":"SearchAction","target":{"@type":"EntryPoint","urlTemplate":"https:\/\/el-vis.com\/fi\/sv\/?s={search_term_string}"},"query-input":{"@type":"PropertyValueSpecification","valueRequired":true,"valueName":"search_term_string"}}],"inLanguage":"sv-SE"}]}},"_links":{"self":[{"href":"https:\/\/el-vis.com\/fi\/sv\/wp-json\/wp\/v2\/pages\/1199","targetHints":{"allow":["GET"]}}],"collection":[{"href":"https:\/\/el-vis.com\/fi\/sv\/wp-json\/wp\/v2\/pages"}],"about":[{"href":"https:\/\/el-vis.com\/fi\/sv\/wp-json\/wp\/v2\/types\/page"}],"author":[{"embeddable":true,"href":"https:\/\/el-vis.com\/fi\/sv\/wp-json\/wp\/v2\/users\/3"}],"replies":[{"embeddable":true,"href":"https:\/\/el-vis.com\/fi\/sv\/wp-json\/wp\/v2\/comments?post=1199"}],"version-history":[{"count":3,"href":"https:\/\/el-vis.com\/fi\/sv\/wp-json\/wp\/v2\/pages\/1199\/revisions"}],"predecessor-version":[{"id":1207,"href":"https:\/\/el-vis.com\/fi\/sv\/wp-json\/wp\/v2\/pages\/1199\/revisions\/1207"}],"wp:attachment":[{"href":"https:\/\/el-vis.com\/fi\/sv\/wp-json\/wp\/v2\/media?parent=1199"}],"curies":[{"name":"wp","href":"https:\/\/api.w.org\/{rel}","templated":true}]}}