{"id":1311,"date":"2022-03-31T09:42:28","date_gmt":"2022-03-31T09:42:28","guid":{"rendered":"https:\/\/el-vis.com\/fi\/?page_id=1311"},"modified":"2025-02-20T09:40:32","modified_gmt":"2025-02-20T07:40:32","slug":"losningar","status":"publish","type":"page","link":"https:\/\/el-vis.com\/fi\/sv\/losningar\/","title":{"rendered":"Priser"},"content":{"rendered":"\n\n<div class=\"eo-hero  \">\n    <div class=\"eo-hero-inner\">\n                    <div class=\"eo-hero-icon\">\n                                                            <img decoding=\"async\" src=\"https:\/\/cdn10757.templcdn.com\/fi\/wp-content\/themes\/elvis_com\/assets\/static\/images\/el-vis-icon.svg\" alt=\"EL-VIS EL-VIS gillar els\u00e4kerhet\" class=\"eo-hero-icon-item\">\n                                                <\/div>\n        \n        <header class=\"eo-hero-header\">\n                            <h1 class=\"eo-hero-header-heading is-red\">\n                    EL-VIS gillar els\u00e4kerhet                <\/h1>\n            \n                            <div class=\"eo-hero-header-text is-lead\">\n                    <p>Uppt\u00e4ck v\u00e5ra tre l\u00f6sningar och se vilken niv\u00e5 som passar ditt f\u00f6retag. Med EL-VIS effektiva program \u00e4r det enklare \u00e4n n\u00e5gonsin att underl\u00e4tta arbetsdagen.<\/p>\n                <\/div>\n            \n                            <div class=\"eo-hero-header-conditional is-\">\n                                    <\/div>\n                    <\/header>\n\n                    <div class=\"eo-hero-buttons eo-button-group is-center\">\n                \n                \n                \n                \n            <\/div>\n            <\/div>\n\n    <\/div>\n\n\n\n\n\n\n\n<h3 class=\"wp-block-heading has-text-align-center\">Se v\u00e5r prislista p\u00e5 de finskspr\u00e5kiga sidorna:<\/h3>\n\n\n\n<div style=\"height:17px\" aria-hidden=\"true\" class=\"wp-block-spacer\"><\/div>\n\n\n\n<div class=\"wp-block-buttons is-content-justification-center is-layout-flex wp-container-core-buttons-is-layout-16018d1d wp-block-buttons-is-layout-flex\">\n<div class=\"wp-block-button is-style-outline is-style-outline--1\"><a class=\"wp-block-button__link has-white-color has-vivid-cyan-blue-background-color has-text-color has-background has-link-color wp-element-button\" href=\"https:\/\/el-vis.com\/fi\/fi\/ratkaisut\/\"><strong>Visa prislistan (p\u00e5 finska)<\/strong><\/a><\/div>\n<\/div>\n\n\n\n<div style=\"height:31px\" aria-hidden=\"true\" class=\"wp-block-spacer\"><\/div>\n\n\n\n<div class=\"eo-contact\" id=\"contact\">\n    <div class=\"eo-contact-inner \">\n        <header class=\"eo-contact-header\">\n                            <h3 class=\"eo-contact-header-heading\">\n                    Kontakta mig f\u00f6r mer information!                <\/h3>\n            \n            <p class=\"eo-contact-header-text\">\n                Under vardagarna svarar vi dig inom 24 timmar.            <\/p>\n        <\/header>\n\n        <div class=\"eo-form eo-contact-form\">\n                            <form\n                    action=\"\/fi\/sv\/wp-json\/el-vis\/v1\/mail\"\n                    class=\"eo-form-area\"\n                    data-type=\"info\"\n                >\n                    <div class=\"eo-form-area-item is-botcheck\">\n                        <input type=\"tel\" class=\"eo-form-area-input is-botcheck\" id=\"eo-form-botcheck\">\n                    <\/div>\n    \n                    <div class=\"eo-form-area-item\">\n                        <label for=\"eo-form-epost\" class=\"eo-form-area-label is-regular\">\n                            E-post*                        <\/label>\n                        <input type=\"email\" class=\"eo-form-area-input is-required\" id=\"eo-form-epost\">\n                        <p class=\"eo-form-area-error is-smaller\">\n                            Var v\u00e4nlig fyll i din e-post.                        <\/p>\n                    <\/div>\n    \n                    <div class=\"eo-form-area-item\">\n                        <label for=\"eo-form-tel\" class=\"eo-form-area-label is-regular\">\n                            Telefonnummer*                        <\/label>\n                        <input type=\"tel\" class=\"eo-form-area-input is-required\" id=\"eo-form-tel\">\n                        <p class=\"eo-form-area-error is-smaller\">\n                            Var v\u00e4nlig fyll i dit telefonnummer.                        <\/p>\n                    <\/div>\n    \n                    <div class=\"eo-form-area-item\">\n                        <label for=\"eo-form-message\" class=\"eo-form-area-label is-message is-regular\">\n                            Eventuellt meddelande                        <\/label>\n                        <textarea name=\"\" id=\"eo-form-message\" class=\"eo-form-area-textarea\"><\/textarea>\n                    <\/div>\n    \n                    <div class=\"eo-form-area-item\">\n                        <button class=\"eo-form-area-submit eo-button is-primary is-partial\" title=\"Skicka\">\n                            Skicka                        <\/button>\n                        <img decoding=\"async\" src=\"https:\/\/cdn10757.templcdn.com\/fi\/wp-content\/themes\/elvis_com\/assets\/static\/images\/icons\/puff.svg\" alt=\"EL-VIS Skicka\" class=\"eo-form-area-submit-icon\">\n                    <\/div>\n    \n                                            <div class=\"eo-form-info\">\n                            <p>Du kan ocks\u00e5 kontakta oss genom att <a href=\"mailto:info@el-vis.fi\">mejla oss<\/a><\/p>\n                        <\/div>\n                                    <\/form>\n            \n                    <\/div>\n    <\/div>\n<\/div>\n","protected":false},"excerpt":{"rendered":"<p>Se v\u00e5r prislista p\u00e5 de finskspr\u00e5kiga sidorna:<\/p>\n","protected":false},"author":1,"featured_media":0,"parent":0,"menu_order":0,"comment_status":"closed","ping_status":"closed","template":"","meta":{"_acf_changed":false,"inline_featured_image":false,"footnotes":""},"class_list":["post-1311","page","type-page","status-publish","hentry"],"acf":[],"yoast_head":"<!-- This site is optimized with the Yoast SEO plugin v25.2 - https:\/\/yoast.com\/wordpress\/plugins\/seo\/ -->\n<title>Priser - EL-VIS Finland<\/title>\n<meta name=\"robots\" content=\"index, follow, max-snippet:-1, max-image-preview:large, max-video-preview:-1\" \/>\n<link rel=\"canonical\" href=\"https:\/\/el-vis.com\/fi\/sv\/losningar\/\" \/>\n<meta property=\"og:locale\" content=\"sv_SE\" \/>\n<meta property=\"og:type\" content=\"article\" \/>\n<meta property=\"og:title\" content=\"Priser - EL-VIS Finland\" \/>\n<meta property=\"og:description\" content=\"Se v\u00e5r prislista p\u00e5 de finskspr\u00e5kiga sidorna:\" \/>\n<meta property=\"og:url\" content=\"https:\/\/el-vis.com\/fi\/sv\/losningar\/\" \/>\n<meta property=\"og:site_name\" content=\"EL-VIS Finland\" \/>\n<meta property=\"article:modified_time\" content=\"2025-02-20T07:40:32+00:00\" \/>\n<meta name=\"twitter:card\" content=\"summary_large_image\" \/>\n<meta name=\"twitter:label1\" content=\"Ber\u00e4knad l\u00e4stid\" \/>\n\t<meta name=\"twitter:data1\" content=\"1 minut\" \/>\n<script type=\"application\/ld+json\" class=\"yoast-schema-graph\">{\"@context\":\"https:\/\/schema.org\",\"@graph\":[{\"@type\":\"WebPage\",\"@id\":\"https:\/\/el-vis.com\/fi\/sv\/losningar\/\",\"url\":\"https:\/\/el-vis.com\/fi\/sv\/losningar\/\",\"name\":\"Priser - EL-VIS Finland\",\"isPartOf\":{\"@id\":\"https:\/\/el-vis.com\/fi\/sv\/#website\"},\"datePublished\":\"2022-03-31T09:42:28+00:00\",\"dateModified\":\"2025-02-20T07:40:32+00:00\",\"breadcrumb\":{\"@id\":\"https:\/\/el-vis.com\/fi\/sv\/losningar\/#breadcrumb\"},\"inLanguage\":\"sv-SE\",\"potentialAction\":[{\"@type\":\"ReadAction\",\"target\":[\"https:\/\/el-vis.com\/fi\/sv\/losningar\/\"]}]},{\"@type\":\"BreadcrumbList\",\"@id\":\"https:\/\/el-vis.com\/fi\/sv\/losningar\/#breadcrumb\",\"itemListElement\":[{\"@type\":\"ListItem\",\"position\":1,\"name\":\"Home\",\"item\":\"https:\/\/el-vis.com\/fi\/sv\/\"},{\"@type\":\"ListItem\",\"position\":2,\"name\":\"Priser\"}]},{\"@type\":\"WebSite\",\"@id\":\"https:\/\/el-vis.com\/fi\/sv\/#website\",\"url\":\"https:\/\/el-vis.com\/fi\/sv\/\",\"name\":\"EL-VIS Finland\",\"description\":\"Digitala verktyg f\u00f6r elbranschen\",\"potentialAction\":[{\"@type\":\"SearchAction\",\"target\":{\"@type\":\"EntryPoint\",\"urlTemplate\":\"https:\/\/el-vis.com\/fi\/sv\/?s={search_term_string}\"},\"query-input\":{\"@type\":\"PropertyValueSpecification\",\"valueRequired\":true,\"valueName\":\"search_term_string\"}}],\"inLanguage\":\"sv-SE\"}]}<\/script>\n<!-- \/ Yoast SEO plugin. -->","yoast_head_json":{"title":"Priser - EL-VIS Finland","robots":{"index":"index","follow":"follow","max-snippet":"max-snippet:-1","max-image-preview":"max-image-preview:large","max-video-preview":"max-video-preview:-1"},"canonical":"https:\/\/el-vis.com\/fi\/sv\/losningar\/","og_locale":"sv_SE","og_type":"article","og_title":"Priser - EL-VIS Finland","og_description":"Se v\u00e5r prislista p\u00e5 de finskspr\u00e5kiga sidorna:","og_url":"https:\/\/el-vis.com\/fi\/sv\/losningar\/","og_site_name":"EL-VIS Finland","article_modified_time":"2025-02-20T07:40:32+00:00","twitter_card":"summary_large_image","twitter_misc":{"Ber\u00e4knad l\u00e4stid":"1 minut"},"schema":{"@context":"https:\/\/schema.org","@graph":[{"@type":"WebPage","@id":"https:\/\/el-vis.com\/fi\/sv\/losningar\/","url":"https:\/\/el-vis.com\/fi\/sv\/losningar\/","name":"Priser - EL-VIS Finland","isPartOf":{"@id":"https:\/\/el-vis.com\/fi\/sv\/#website"},"datePublished":"2022-03-31T09:42:28+00:00","dateModified":"2025-02-20T07:40:32+00:00","breadcrumb":{"@id":"https:\/\/el-vis.com\/fi\/sv\/losningar\/#breadcrumb"},"inLanguage":"sv-SE","potentialAction":[{"@type":"ReadAction","target":["https:\/\/el-vis.com\/fi\/sv\/losningar\/"]}]},{"@type":"BreadcrumbList","@id":"https:\/\/el-vis.com\/fi\/sv\/losningar\/#breadcrumb","itemListElement":[{"@type":"ListItem","position":1,"name":"Home","item":"https:\/\/el-vis.com\/fi\/sv\/"},{"@type":"ListItem","position":2,"name":"Priser"}]},{"@type":"WebSite","@id":"https:\/\/el-vis.com\/fi\/sv\/#website","url":"https:\/\/el-vis.com\/fi\/sv\/","name":"EL-VIS Finland","description":"Digitala verktyg f\u00f6r elbranschen","potentialAction":[{"@type":"SearchAction","target":{"@type":"EntryPoint","urlTemplate":"https:\/\/el-vis.com\/fi\/sv\/?s={search_term_string}"},"query-input":{"@type":"PropertyValueSpecification","valueRequired":true,"valueName":"search_term_string"}}],"inLanguage":"sv-SE"}]}},"_links":{"self":[{"href":"https:\/\/el-vis.com\/fi\/sv\/wp-json\/wp\/v2\/pages\/1311","targetHints":{"allow":["GET"]}}],"collection":[{"href":"https:\/\/el-vis.com\/fi\/sv\/wp-json\/wp\/v2\/pages"}],"about":[{"href":"https:\/\/el-vis.com\/fi\/sv\/wp-json\/wp\/v2\/types\/page"}],"author":[{"embeddable":true,"href":"https:\/\/el-vis.com\/fi\/sv\/wp-json\/wp\/v2\/users\/1"}],"replies":[{"embeddable":true,"href":"https:\/\/el-vis.com\/fi\/sv\/wp-json\/wp\/v2\/comments?post=1311"}],"version-history":[{"count":91,"href":"https:\/\/el-vis.com\/fi\/sv\/wp-json\/wp\/v2\/pages\/1311\/revisions"}],"predecessor-version":[{"id":2604,"href":"https:\/\/el-vis.com\/fi\/sv\/wp-json\/wp\/v2\/pages\/1311\/revisions\/2604"}],"wp:attachment":[{"href":"https:\/\/el-vis.com\/fi\/sv\/wp-json\/wp\/v2\/media?parent=1311"}],"curies":[{"name":"wp","href":"https:\/\/api.w.org\/{rel}","templated":true}]}}