{"id":8,"date":"2021-04-23T08:54:25","date_gmt":"2021-04-23T08:54:25","guid":{"rendered":"https:\/\/el-vis.com\/fi\/startsida\/"},"modified":"2024-07-25T19:34:03","modified_gmt":"2024-07-25T16:34:03","slug":"startsida","status":"publish","type":"page","link":"https:\/\/el-vis.com\/fi\/sv\/","title":{"rendered":"Startsida"},"content":{"rendered":"\n\n<div class=\"eo-hero has-red-background-color \">\n    <div class=\"eo-hero-inner\">\n                    <div class=\"eo-hero-icon\">\n                                                            <img decoding=\"async\" src=\"https:\/\/cdn10757.templcdn.com\/fi\/wp-content\/themes\/elvis_com\/assets\/static\/images\/el-vis-icon.svg\" alt=\"EL-VIS Smarta digitala verktyg f\u00f6r elbranschen!\" class=\"eo-hero-icon-item\">\n                                                <\/div>\n        \n        <header class=\"eo-hero-header\">\n                            <h1 class=\"eo-hero-header-heading \">\n                    Smarta digitala verktyg f\u00f6r elbranschen!                <\/h1>\n            \n                            <div class=\"eo-hero-header-text is-lead\">\n                    <p>EL-VIS sparar tid och pengar f\u00f6r dig som jobbar med el, oavsett om du arbetar i ett stort eller litet f\u00f6retag. Enkelt, smart och s\u00e4kert!<\/p>\n                <\/div>\n            \n                            <div class=\"eo-hero-header-conditional is-\">\n                                    <\/div>\n                    <\/header>\n\n                    <div class=\"eo-hero-buttons eo-button-group is-center\">\n                                    <a\n                        href=\"https:\/\/app.el-vis.com\/#\/login\/create-user\"\n                        target=\"_blank\"\n                        class=\"eo-hero-button eo-button is-primary\"\n                    >\n                        Prova gratis                    <\/a>\n                \n                \n                \n                \n            <\/div>\n            <\/div>\n\n    <\/div>\n\n\n\n\n\n\n\n    <div class=\"eo-bragging\">\n        <div class=\"eo-bragging-inner\">\n            <div class=\"eo-bragging-items\">\n                                    <div class=\"eo-bragging-item\">\n                        <p class=\"eo-bragging-item-text is-bolder\">\n                            +15 000                            <span class=\"eo-bragging-item-text-detail\">\n                                EL-VIS anv\u00e4ndare                            <\/span>\n                        <\/p>\n                    <\/div>\n                                    <div class=\"eo-bragging-item\">\n                        <p class=\"eo-bragging-item-text is-bolder\">\n                            +4 500                            <span class=\"eo-bragging-item-text-detail\">\n                                f\u00f6retag har valt oss                            <\/span>\n                        <\/p>\n                    <\/div>\n                                    <div class=\"eo-bragging-item\">\n                        <p class=\"eo-bragging-item-text is-bolder\">\n                            92%                            <span class=\"eo-bragging-item-text-detail\">\n                                kundn\u00f6jdhet                            <\/span>\n                        <\/p>\n                    <\/div>\n                            <\/div>\n        <\/div>\n    <\/div>\n\n\n\n    <div class=\"eo-customers is-small\">\n        <div class=\"eo-customers-inner\">\n            <header class=\"eo-customers-header\">\n                                    <p class=\"eo-customers-header-text is-small\">\n                        N\u00e5gra av v\u00e5ra kunder                    <\/p>\n                            <\/header>\n\n            <div class=\"eo-customers-items\">\n                                    <div class=\"eo-customers-item\">\n                        <div class=\"eo-customers-item-logo\">\n                            <img decoding=\"async\" data-src=\"https:\/\/cdn10757.templcdn.com\/fi\/wp-content\/uploads\/sites\/4\/2024\/03\/kardex-logo-e1713975870622.png\" alt=\"EL-VIS ikon\" class=\"eo-customers-item-logo-item lazyload\" src=\"data:image\/svg+xml;base64,PHN2ZyB3aWR0aD0iMSIgaGVpZ2h0PSIxIiB4bWxucz0iaHR0cDovL3d3dy53My5vcmcvMjAwMC9zdmciPjwvc3ZnPg==\" style=\"--smush-placeholder-width: 300px; --smush-placeholder-aspect-ratio: 300\/169;\">\n                        <\/div>\n                    <\/div>\n                                    <div class=\"eo-customers-item\">\n                        <div class=\"eo-customers-item-logo\">\n                            <img decoding=\"async\" data-src=\"https:\/\/cdn10757.templcdn.com\/fi\/wp-content\/uploads\/sites\/4\/2024\/04\/GreenConnect_logo.png\" alt=\"EL-VIS ikon\" class=\"eo-customers-item-logo-item lazyload\" src=\"data:image\/svg+xml;base64,PHN2ZyB3aWR0aD0iMSIgaGVpZ2h0PSIxIiB4bWxucz0iaHR0cDovL3d3dy53My5vcmcvMjAwMC9zdmciPjwvc3ZnPg==\" style=\"--smush-placeholder-width: 1600px; --smush-placeholder-aspect-ratio: 1600\/510;\">\n                        <\/div>\n                    <\/div>\n                                    <div class=\"eo-customers-item\">\n                        <div class=\"eo-customers-item-logo\">\n                            <img decoding=\"async\" data-src=\"https:\/\/cdn10757.templcdn.com\/fi\/wp-content\/uploads\/sites\/4\/2021\/05\/caverion-logo.png\" alt=\"EL-VIS ikon\" class=\"eo-customers-item-logo-item lazyload\" src=\"data:image\/svg+xml;base64,PHN2ZyB3aWR0aD0iMSIgaGVpZ2h0PSIxIiB4bWxucz0iaHR0cDovL3d3dy53My5vcmcvMjAwMC9zdmciPjwvc3ZnPg==\" style=\"--smush-placeholder-width: 200px; --smush-placeholder-aspect-ratio: 200\/100;\">\n                        <\/div>\n                    <\/div>\n                                    <div class=\"eo-customers-item\">\n                        <div class=\"eo-customers-item-logo\">\n                            <img decoding=\"async\" data-src=\"https:\/\/cdn10757.templcdn.com\/fi\/wp-content\/uploads\/sites\/4\/2021\/05\/mariehamns-energi-logo.png\" alt=\"EL-VIS ikon\" class=\"eo-customers-item-logo-item lazyload\" src=\"data:image\/svg+xml;base64,PHN2ZyB3aWR0aD0iMSIgaGVpZ2h0PSIxIiB4bWxucz0iaHR0cDovL3d3dy53My5vcmcvMjAwMC9zdmciPjwvc3ZnPg==\" style=\"--smush-placeholder-width: 200px; --smush-placeholder-aspect-ratio: 200\/100;\">\n                        <\/div>\n                    <\/div>\n                                    <div class=\"eo-customers-item\">\n                        <div class=\"eo-customers-item-logo\">\n                            <img decoding=\"async\" data-src=\"https:\/\/cdn10757.templcdn.com\/fi\/wp-content\/uploads\/sites\/4\/2021\/09\/Bravida-1.png\" alt=\"EL-VIS ikon\" class=\"eo-customers-item-logo-item lazyload\" src=\"data:image\/svg+xml;base64,PHN2ZyB3aWR0aD0iMSIgaGVpZ2h0PSIxIiB4bWxucz0iaHR0cDovL3d3dy53My5vcmcvMjAwMC9zdmciPjwvc3ZnPg==\" style=\"--smush-placeholder-width: 1600px; --smush-placeholder-aspect-ratio: 1600\/538;\">\n                        <\/div>\n                    <\/div>\n                                    <div class=\"eo-customers-item\">\n                        <div class=\"eo-customers-item-logo\">\n                            <img decoding=\"async\" data-src=\"https:\/\/cdn10757.templcdn.com\/fi\/wp-content\/uploads\/sites\/4\/2021\/06\/assemblin-logo.png\" alt=\"EL-VIS ikon\" class=\"eo-customers-item-logo-item lazyload\" src=\"data:image\/svg+xml;base64,PHN2ZyB3aWR0aD0iMSIgaGVpZ2h0PSIxIiB4bWxucz0iaHR0cDovL3d3dy53My5vcmcvMjAwMC9zdmciPjwvc3ZnPg==\" style=\"--smush-placeholder-width: 300px; --smush-placeholder-aspect-ratio: 300\/138;\">\n                        <\/div>\n                    <\/div>\n                            <\/div>\n        <\/div>\n    <\/div>\n\n\n\n    <div class=\"eo-features\">\n        <div class=\"eo-features-inner\">\n            <div class=\"eo-features-items\">\n                                    <div class=\"eo-features-item\">\n                        <div class=\"eo-features-item-image\">\n                                                            <img decoding=\"async\" data-src=\"https:\/\/cdn10757.templcdn.com\/fi\/wp-content\/uploads\/sites\/4\/2021\/05\/start_kabel.png\" alt=\"Kabeldimensionering  p\u00e5 ett enkelt s\u00e4tt\" class=\"eo-features-item-image-figure lazyload\" src=\"data:image\/svg+xml;base64,PHN2ZyB3aWR0aD0iMSIgaGVpZ2h0PSIxIiB4bWxucz0iaHR0cDovL3d3dy53My5vcmcvMjAwMC9zdmciPjwvc3ZnPg==\" style=\"--smush-placeholder-width: 800px; --smush-placeholder-aspect-ratio: 800\/600;\">\n                                                    <\/div>\n\n                        <header class=\"eo-features-item-header\">\n                                                            <h3 class=\"eo-features-item-header-heading\">\n                                    Kabeldimensionering  p\u00e5 ett enkelt s\u00e4tt                                <\/h3>\n                            \n                                                            <p class=\"eo-features-item-header-text\">\n                                    Med Sveriges mest anv\u00e4nda program f\u00f6r kabeldimensionering kan du enkelt ber\u00e4kna belastningsf\u00f6rm\u00e5ga, sp\u00e4nningsfall och utl\u00f6sningsvillkor. Du f\u00e5r en tydlig \u00f6verblick \u00f6ver din anl\u00e4ggning och sj\u00e4lvklart g\u00f6rs alla ber\u00e4kningar utifr\u00e5n europeisk och internationell standard.                                <\/p>\n                            \n                                                            <ul class=\"eo-features-item-header-list\">\n                                                                            <li class=\"eo-features-item-header-list-item\">\n                                            <span class=\"eo-features-item-header-list-item-icon material-icons\">\n                                                check_circle\n                                            <\/span>\n                                            Snabbt, enkelt och r\u00e4tt                                        <\/li>\n                                                                            <li class=\"eo-features-item-header-list-item\">\n                                            <span class=\"eo-features-item-header-list-item-icon material-icons\">\n                                                check_circle\n                                            <\/span>\n                                            Tillg\u00e4ngligt p\u00e5 valfri enhet                                         <\/li>\n                                                                            <li class=\"eo-features-item-header-list-item\">\n                                            <span class=\"eo-features-item-header-list-item-icon material-icons\">\n                                                check_circle\n                                            <\/span>\n                                            Sparar tid                                        <\/li>\n                                                                    <\/ul>\n                            \n                                                            <a href=\"https:\/\/el-vis.com\/fi\/sv\/funktioner\/\" class=\"eo-features-item-header-link\" aria-label=\"Visa alla funktioner\">\n                                    Visa alla funktioner                                <\/a>\n                                                    <\/header>\n                    <\/div>\n                                    <div class=\"eo-features-item\">\n                        <div class=\"eo-features-item-image\">\n                                                            <img decoding=\"async\" data-src=\"https:\/\/cdn10757.templcdn.com\/fi\/wp-content\/uploads\/sites\/4\/2021\/05\/start_mall.png\" alt=\"Spara tid och slipp  tr\u00e5kigt pappersarbete\" class=\"eo-features-item-image-figure lazyload\" src=\"data:image\/svg+xml;base64,PHN2ZyB3aWR0aD0iMSIgaGVpZ2h0PSIxIiB4bWxucz0iaHR0cDovL3d3dy53My5vcmcvMjAwMC9zdmciPjwvc3ZnPg==\" style=\"--smush-placeholder-width: 800px; --smush-placeholder-aspect-ratio: 800\/600;\">\n                                                    <\/div>\n\n                        <header class=\"eo-features-item-header\">\n                                                            <h3 class=\"eo-features-item-header-heading\">\n                                    Spara tid och slipp  tr\u00e5kigt pappersarbete                                <\/h3>\n                            \n                                                            <p class=\"eo-features-item-header-text\">\n                                    Kraven p\u00e5 dokumentation i el-branschen v\u00e4xer f\u00f6r varje dag. Med EL-VIS Mall kan du spara tid, energi och pengar. Skapa f\u00e4rdiga dokument till din kund och arbetsledare direkt fr\u00e5n f\u00e4ltet.                                <\/p>\n                            \n                                                            <ul class=\"eo-features-item-header-list\">\n                                                                            <li class=\"eo-features-item-header-list-item\">\n                                            <span class=\"eo-features-item-header-list-item-icon material-icons\">\n                                                check_circle\n                                            <\/span>\n                                            Ibruktagningsprotokoll                                        <\/li>\n                                                                            <li class=\"eo-features-item-header-list-item\">\n                                            <span class=\"eo-features-item-header-list-item-icon material-icons\">\n                                                check_circle\n                                            <\/span>\n                                            F\u00e4rdigst\u00e4ll din dokumentation direkt p\u00e5 plats                                        <\/li>\n                                                                            <li class=\"eo-features-item-header-list-item\">\n                                            <span class=\"eo-features-item-header-list-item-icon material-icons\">\n                                                check_circle\n                                            <\/span>\n                                            Dela dokument direkt med kunder\/kollegor                                        <\/li>\n                                                                    <\/ul>\n                            \n                                                            <a href=\"https:\/\/el-vis.com\/fi\/sv\/funktioner\/\" class=\"eo-features-item-header-link\" aria-label=\"Visa alla funktioner\">\n                                    Visa alla funktioner                                <\/a>\n                                                    <\/header>\n                    <\/div>\n                            <\/div>\n        <\/div>\n    <\/div>\n\n\n\n    <div class=\"eo-quote\">\n        \n                    <div class=\"eo-quote-image\">\n                <img decoding=\"async\" data-src=\"https:\/\/cdn10757.templcdn.com\/fi\/wp-content\/uploads\/sites\/4\/2021\/05\/SSAB_NY_luft.png\" alt=\"EL-VIS Lars Wennberg, SSAB\" class=\"eo-quote-image-item lazyload\" src=\"data:image\/svg+xml;base64,PHN2ZyB3aWR0aD0iMSIgaGVpZ2h0PSIxIiB4bWxucz0iaHR0cDovL3d3dy53My5vcmcvMjAwMC9zdmciPjwvc3ZnPg==\" style=\"--smush-placeholder-width: 300px; --smush-placeholder-aspect-ratio: 300\/300;\">\n            <\/div>\n        \n        <p class=\"eo-quote-text is-lead\">\n            &#8221;Alla v\u00e5ra eltekniker och elkonstrukt\u00f6rer inom SSAB anv\u00e4nder EL-VIS. Med EL-VIS blir vi \u00e4nnu mer effektiva och produktiva, dessutom f\u00f6renklas v\u00e5rt pappersarbete d\u00e5 vi har allt s\u00f6kbart digitalt.&#8221;        <\/p>\n\n        <p class=\"eo-quote-by is-small\">\n            Lars Wennberg, SSAB        <\/p>\n\n            <\/div>\n\n\n\n<div class=\"eo-try-out\">\n    <div class=\"eo-try-out-inner\">\n        <header class=\"eo-try-out-header\">\n                            <h2 class=\"eo-try-out-header-heading\">\n                    Kom ig\u00e5ng med EL-VIS                <\/h2>\n            \n                            <p class=\"eo-try-out-header-text is-lead\">\n                    B\u00f6rja jobba enkelt, smart och s\u00e4kert redan idag!                <\/p>\n            \n                            <a\n                    href=\"https:\/\/app.el-vis.com\/#\/login\/create-user\"\n                    target=\"_blank\"\n                    class=\"eo-try-out-header-link eo-button is-primary\"\n                >\n                    Prova gratis                <\/a>\n            \n                            <div class=\"eo-try-out-header-info\">\n                    <p>Du kan ocks\u00e5 kontakta oss genom att <a href=\"mailto:info@el-vis.fi\">mejla oss<\/a><\/p>\n                <\/div>\n                    <\/header>\n    <\/div>\n<\/div>\n","protected":false},"excerpt":{"rendered":"","protected":false},"author":1,"featured_media":1807,"parent":0,"menu_order":0,"comment_status":"closed","ping_status":"closed","template":"","meta":{"_acf_changed":false,"inline_featured_image":false,"footnotes":""},"class_list":["post-8","page","type-page","status-publish","has-post-thumbnail","hentry"],"acf":[],"yoast_head":"<!-- This site is optimized with the Yoast SEO plugin v25.2 - https:\/\/yoast.com\/wordpress\/plugins\/seo\/ -->\n<title>EL-VIS - Smarta digitala verktyg f\u00f6r elbranschen<\/title>\n<meta name=\"description\" content=\"EL-VIS sparar tid och pengar f\u00f6r dig som jobbar med el, oavsett om du arbetar i ett stort eller litet f\u00f6retag. Enkelt, smart och s\u00e4kert!\" \/>\n<meta name=\"robots\" content=\"index, follow, max-snippet:-1, max-image-preview:large, max-video-preview:-1\" \/>\n<link rel=\"canonical\" href=\"https:\/\/el-vis.com\/fi\/sv\/\" \/>\n<meta property=\"og:locale\" content=\"sv_SE\" \/>\n<meta property=\"og:type\" content=\"article\" \/>\n<meta property=\"og:title\" content=\"EL-VIS - Smarta digitala verktyg f\u00f6r elbranschen\" \/>\n<meta property=\"og:description\" content=\"EL-VIS sparar tid och pengar f\u00f6r dig som jobbar med el, oavsett om du arbetar i ett stort eller litet f\u00f6retag. Enkelt, smart och s\u00e4kert!\" \/>\n<meta property=\"og:url\" content=\"https:\/\/el-vis.com\/fi\/sv\/\" \/>\n<meta property=\"og:site_name\" content=\"EL-VIS Finland\" \/>\n<meta property=\"article:modified_time\" content=\"2024-07-25T16:34:03+00:00\" \/>\n<meta property=\"og:image\" content=\"https:\/\/cdn10757.templcdn.com\/fi\/wp-content\/uploads\/sites\/4\/2023\/03\/EL-VIS-logo.png\" \/>\n\t<meta property=\"og:image:width\" content=\"800\" \/>\n\t<meta property=\"og:image:height\" content=\"800\" \/>\n\t<meta property=\"og:image:type\" content=\"image\/png\" \/>\n<meta name=\"twitter:card\" content=\"summary_large_image\" \/>\n<meta name=\"twitter:label1\" content=\"Ber\u00e4knad l\u00e4stid\" \/>\n\t<meta name=\"twitter:data1\" content=\"4 minuter\" \/>\n<script type=\"application\/ld+json\" class=\"yoast-schema-graph\">{\"@context\":\"https:\/\/schema.org\",\"@graph\":[{\"@type\":\"WebPage\",\"@id\":\"https:\/\/el-vis.com\/fi\/sv\/\",\"url\":\"https:\/\/el-vis.com\/fi\/sv\/\",\"name\":\"EL-VIS - Smarta digitala verktyg f\u00f6r elbranschen\",\"isPartOf\":{\"@id\":\"https:\/\/el-vis.com\/fi\/sv\/#website\"},\"primaryImageOfPage\":{\"@id\":\"https:\/\/el-vis.com\/fi\/sv\/#primaryimage\"},\"image\":{\"@id\":\"https:\/\/el-vis.com\/fi\/sv\/#primaryimage\"},\"thumbnailUrl\":\"https:\/\/cdn10757.templcdn.com\/fi\/wp-content\/uploads\/sites\/4\/2023\/03\/EL-VIS-logo.png\",\"datePublished\":\"2021-04-23T08:54:25+00:00\",\"dateModified\":\"2024-07-25T16:34:03+00:00\",\"description\":\"EL-VIS sparar tid och pengar f\u00f6r dig som jobbar med el, oavsett om du arbetar i ett stort eller litet f\u00f6retag. Enkelt, smart och s\u00e4kert!\",\"breadcrumb\":{\"@id\":\"https:\/\/el-vis.com\/fi\/sv\/#breadcrumb\"},\"inLanguage\":\"sv-SE\",\"potentialAction\":[{\"@type\":\"ReadAction\",\"target\":[\"https:\/\/el-vis.com\/fi\/sv\/\"]}]},{\"@type\":\"ImageObject\",\"inLanguage\":\"sv-SE\",\"@id\":\"https:\/\/el-vis.com\/fi\/sv\/#primaryimage\",\"url\":\"https:\/\/cdn10757.templcdn.com\/fi\/wp-content\/uploads\/sites\/4\/2023\/03\/EL-VIS-logo.png\",\"contentUrl\":\"https:\/\/cdn10757.templcdn.com\/fi\/wp-content\/uploads\/sites\/4\/2023\/03\/EL-VIS-logo.png\",\"width\":800,\"height\":800},{\"@type\":\"BreadcrumbList\",\"@id\":\"https:\/\/el-vis.com\/fi\/sv\/#breadcrumb\",\"itemListElement\":[{\"@type\":\"ListItem\",\"position\":1,\"name\":\"Home\",\"item\":\"https:\/\/el-vis.com\/fi\/sv\/\"},{\"@type\":\"ListItem\",\"position\":2,\"name\":\"Startsida\"}]},{\"@type\":\"WebSite\",\"@id\":\"https:\/\/el-vis.com\/fi\/sv\/#website\",\"url\":\"https:\/\/el-vis.com\/fi\/sv\/\",\"name\":\"EL-VIS Finland\",\"description\":\"Digitala verktyg f\u00f6r elbranschen\",\"potentialAction\":[{\"@type\":\"SearchAction\",\"target\":{\"@type\":\"EntryPoint\",\"urlTemplate\":\"https:\/\/el-vis.com\/fi\/sv\/?s={search_term_string}\"},\"query-input\":{\"@type\":\"PropertyValueSpecification\",\"valueRequired\":true,\"valueName\":\"search_term_string\"}}],\"inLanguage\":\"sv-SE\"}]}<\/script>\n<!-- \/ Yoast SEO plugin. -->","yoast_head_json":{"title":"EL-VIS - Smarta digitala verktyg f\u00f6r elbranschen","description":"EL-VIS sparar tid och pengar f\u00f6r dig som jobbar med el, oavsett om du arbetar i ett stort eller litet f\u00f6retag. Enkelt, smart och s\u00e4kert!","robots":{"index":"index","follow":"follow","max-snippet":"max-snippet:-1","max-image-preview":"max-image-preview:large","max-video-preview":"max-video-preview:-1"},"canonical":"https:\/\/el-vis.com\/fi\/sv\/","og_locale":"sv_SE","og_type":"article","og_title":"EL-VIS - Smarta digitala verktyg f\u00f6r elbranschen","og_description":"EL-VIS sparar tid och pengar f\u00f6r dig som jobbar med el, oavsett om du arbetar i ett stort eller litet f\u00f6retag. Enkelt, smart och s\u00e4kert!","og_url":"https:\/\/el-vis.com\/fi\/sv\/","og_site_name":"EL-VIS Finland","article_modified_time":"2024-07-25T16:34:03+00:00","og_image":[{"width":800,"height":800,"url":"https:\/\/cdn10757.templcdn.com\/fi\/wp-content\/uploads\/sites\/4\/2023\/03\/EL-VIS-logo.png","type":"image\/png"}],"twitter_card":"summary_large_image","twitter_misc":{"Ber\u00e4knad l\u00e4stid":"4 minuter"},"schema":{"@context":"https:\/\/schema.org","@graph":[{"@type":"WebPage","@id":"https:\/\/el-vis.com\/fi\/sv\/","url":"https:\/\/el-vis.com\/fi\/sv\/","name":"EL-VIS - Smarta digitala verktyg f\u00f6r elbranschen","isPartOf":{"@id":"https:\/\/el-vis.com\/fi\/sv\/#website"},"primaryImageOfPage":{"@id":"https:\/\/el-vis.com\/fi\/sv\/#primaryimage"},"image":{"@id":"https:\/\/el-vis.com\/fi\/sv\/#primaryimage"},"thumbnailUrl":"https:\/\/cdn10757.templcdn.com\/fi\/wp-content\/uploads\/sites\/4\/2023\/03\/EL-VIS-logo.png","datePublished":"2021-04-23T08:54:25+00:00","dateModified":"2024-07-25T16:34:03+00:00","description":"EL-VIS sparar tid och pengar f\u00f6r dig som jobbar med el, oavsett om du arbetar i ett stort eller litet f\u00f6retag. Enkelt, smart och s\u00e4kert!","breadcrumb":{"@id":"https:\/\/el-vis.com\/fi\/sv\/#breadcrumb"},"inLanguage":"sv-SE","potentialAction":[{"@type":"ReadAction","target":["https:\/\/el-vis.com\/fi\/sv\/"]}]},{"@type":"ImageObject","inLanguage":"sv-SE","@id":"https:\/\/el-vis.com\/fi\/sv\/#primaryimage","url":"https:\/\/cdn10757.templcdn.com\/fi\/wp-content\/uploads\/sites\/4\/2023\/03\/EL-VIS-logo.png","contentUrl":"https:\/\/cdn10757.templcdn.com\/fi\/wp-content\/uploads\/sites\/4\/2023\/03\/EL-VIS-logo.png","width":800,"height":800},{"@type":"BreadcrumbList","@id":"https:\/\/el-vis.com\/fi\/sv\/#breadcrumb","itemListElement":[{"@type":"ListItem","position":1,"name":"Home","item":"https:\/\/el-vis.com\/fi\/sv\/"},{"@type":"ListItem","position":2,"name":"Startsida"}]},{"@type":"WebSite","@id":"https:\/\/el-vis.com\/fi\/sv\/#website","url":"https:\/\/el-vis.com\/fi\/sv\/","name":"EL-VIS Finland","description":"Digitala verktyg f\u00f6r elbranschen","potentialAction":[{"@type":"SearchAction","target":{"@type":"EntryPoint","urlTemplate":"https:\/\/el-vis.com\/fi\/sv\/?s={search_term_string}"},"query-input":{"@type":"PropertyValueSpecification","valueRequired":true,"valueName":"search_term_string"}}],"inLanguage":"sv-SE"}]}},"_links":{"self":[{"href":"https:\/\/el-vis.com\/fi\/sv\/wp-json\/wp\/v2\/pages\/8","targetHints":{"allow":["GET"]}}],"collection":[{"href":"https:\/\/el-vis.com\/fi\/sv\/wp-json\/wp\/v2\/pages"}],"about":[{"href":"https:\/\/el-vis.com\/fi\/sv\/wp-json\/wp\/v2\/types\/page"}],"author":[{"embeddable":true,"href":"https:\/\/el-vis.com\/fi\/sv\/wp-json\/wp\/v2\/users\/1"}],"replies":[{"embeddable":true,"href":"https:\/\/el-vis.com\/fi\/sv\/wp-json\/wp\/v2\/comments?post=8"}],"version-history":[{"count":81,"href":"https:\/\/el-vis.com\/fi\/sv\/wp-json\/wp\/v2\/pages\/8\/revisions"}],"predecessor-version":[{"id":2333,"href":"https:\/\/el-vis.com\/fi\/sv\/wp-json\/wp\/v2\/pages\/8\/revisions\/2333"}],"wp:featuredmedia":[{"embeddable":true,"href":"https:\/\/el-vis.com\/fi\/sv\/wp-json\/wp\/v2\/media\/1807"}],"wp:attachment":[{"href":"https:\/\/el-vis.com\/fi\/sv\/wp-json\/wp\/v2\/media?parent=8"}],"curies":[{"name":"wp","href":"https:\/\/api.w.org\/{rel}","templated":true}]}}