{"id":99,"date":"2021-05-13T21:58:00","date_gmt":"2021-05-13T21:58:00","guid":{"rendered":"https:\/\/el-vis.com\/fi\/miksi-el-vis\/"},"modified":"2024-07-25T19:42:30","modified_gmt":"2024-07-25T16:42:30","slug":"varfor-el-vis","status":"publish","type":"page","link":"https:\/\/el-vis.com\/fi\/sv\/varfor-el-vis\/","title":{"rendered":"Varf\u00f6r EL-VIS?"},"content":{"rendered":"\n\n<div class=\"eo-hero  \">\n    <div class=\"eo-hero-inner\">\n                    <div class=\"eo-hero-icon\">\n                                                            <img decoding=\"async\" src=\"https:\/\/cdn10757.templcdn.com\/fi\/wp-content\/themes\/elvis_com\/assets\/static\/images\/el-vis-icon.svg\" alt=\"EL-VIS Flera goda anledningar att v\u00e4lja EL-VIS\" class=\"eo-hero-icon-item\">\n                                                <\/div>\n        \n        <header class=\"eo-hero-header\">\n                            <h1 class=\"eo-hero-header-heading is-red\">\n                    Flera goda anledningar att v\u00e4lja EL-VIS                <\/h1>\n            \n                            <div class=\"eo-hero-header-text is-lead\">\n                    <p>N\u00e4r du har skaffat EL-VIS kan du alltid r\u00e4kna med personlig service och smarta l\u00f6sningar. Vi har en enast\u00e5ende kompetens och stark passion f\u00f6r att f\u00f6renkla vardagen f\u00f6r elbranschen.<\/p>\n                <\/div>\n            \n                            <div class=\"eo-hero-header-conditional is-\">\n                                    <\/div>\n                    <\/header>\n\n                    <div class=\"eo-hero-buttons eo-button-group is-center\">\n                \n                \n                \n                \n            <\/div>\n            <\/div>\n\n    <\/div>\n\n\n\n\n\n\n\n    <div class=\"eo-storytelling\">\n        <div class=\"eo-storytelling-inner\">\n            <div class=\"eo-storytelling-items\">\n                                    <div class=\"eo-storytelling-item\">\n                                                    <div class=\"eo-storytelling-item-image\">\n                                <img decoding=\"async\"\n                                    data-src=\"https:\/\/cdn10757.templcdn.com\/fi\/wp-content\/uploads\/sites\/4\/2021\/05\/el-vis-icon.png\"\n                                    alt=\"EL-VIS t\u00e4cker de flesta behov f\u00f6r b\u00e5de sm\u00e5 och stora f\u00f6retag\"\n                                    class=\"eo-storytelling-item-image-figure lazyload\"\n                                 src=\"data:image\/svg+xml;base64,PHN2ZyB3aWR0aD0iMSIgaGVpZ2h0PSIxIiB4bWxucz0iaHR0cDovL3d3dy53My5vcmcvMjAwMC9zdmciPjwvc3ZnPg==\" style=\"--smush-placeholder-width: 151px; --smush-placeholder-aspect-ratio: 151\/200;\">\n                            <\/div>\n                        \n                        <header class=\"eo-storytelling-item-header\">\n                                                            <h3 class=\"eo-storytelling-item-header-heading\">\n                                    EL-VIS t\u00e4cker de flesta behov f\u00f6r b\u00e5de sm\u00e5 och stora f\u00f6retag                                <\/h3>\n                            \n                                                            <div class=\"eo-storytelling-item-header-text is-large\">\n                                    <p>Oavsett om du jobbar i eget f\u00f6retag eller inom en stor organisation, om du \u00e4r mont\u00f6r, serviceelektriker, arbetsledare, projektledare eller konsult \u00e4r EL-VIS r\u00e4tt f\u00f6r dig. EL-VIS erbjuder l\u00f6sningar f\u00f6r alla inom elbranschen och hj\u00e4lper till att f\u00f6renkla vardagen och det dagliga arbetet.<\/p>\n                                <\/div>\n                                                    <\/header>\n                    <\/div>\n                                    <div class=\"eo-storytelling-item\">\n                                                    <div class=\"eo-storytelling-item-image\">\n                                <img decoding=\"async\"\n                                    src=\"https:\/\/cdn10757.templcdn.com\/fi\/wp-content\/uploads\/sites\/4\/2021\/06\/users-1.svg\"\n                                    alt=\"Tusentals f\u00f6retag anv\u00e4nder EL-VIS varje dag\"\n                                    class=\"eo-storytelling-item-image-figure\"\n                                >\n                            <\/div>\n                        \n                        <header class=\"eo-storytelling-item-header\">\n                                                            <h3 class=\"eo-storytelling-item-header-heading\">\n                                    Tusentals f\u00f6retag anv\u00e4nder EL-VIS varje dag                                <\/h3>\n                            \n                                                            <div class=\"eo-storytelling-item-header-text is-large\">\n                                    <p>Vi \u00e4r stolta \u00f6ver att ha fler \u00e4n 15 000 anv\u00e4ndare och att v\u00e5ra l\u00f6sningar st\u00e4ndigt utvecklas tillsammans med v\u00e5ra kunder. \u00d6ver 5 000 kunder har g\u00e5tt utbildningar i v\u00e5ra l\u00f6sningar.<\/p>\n                                <\/div>\n                                                    <\/header>\n                    <\/div>\n                                    <div class=\"eo-storytelling-item\">\n                                                    <div class=\"eo-storytelling-item-image\">\n                                <img decoding=\"async\"\n                                    data-src=\"https:\/\/cdn10757.templcdn.com\/fi\/wp-content\/uploads\/sites\/4\/2021\/06\/customer-happiness.png\"\n                                    alt=\"92% kundn\u00f6jdhet\"\n                                    class=\"eo-storytelling-item-image-figure lazyload\"\n                                 src=\"data:image\/svg+xml;base64,PHN2ZyB3aWR0aD0iMSIgaGVpZ2h0PSIxIiB4bWxucz0iaHR0cDovL3d3dy53My5vcmcvMjAwMC9zdmciPjwvc3ZnPg==\" style=\"--smush-placeholder-width: 205px; --smush-placeholder-aspect-ratio: 205\/294;\">\n                            <\/div>\n                        \n                        <header class=\"eo-storytelling-item-header\">\n                                                            <h3 class=\"eo-storytelling-item-header-heading\">\n                                    92% kundn\u00f6jdhet                                <\/h3>\n                            \n                                                            <div class=\"eo-storytelling-item-header-text is-large\">\n                                    <p>V\u00e5ra kunders positiva omd\u00f6men \u00e4r det b\u00e4sta betyg vi kan f\u00e5! I v\u00e5r senaste kundunders\u00f6kning angav 9 av 10 att de rekommenderar EL-VIS vidare till kollegor. Det \u00e4r framf\u00f6rallt enkelheten i v\u00e5ra l\u00f6sningar och den kunniga och trevliga supporten som v\u00e5ra kunder uppskattar mest. M\u00e5nga gillar att de kommer ig\u00e5ng snabbt med EL-VIS och att de alltid har allt samlat p\u00e5 ett st\u00e4lle. En liten investering med stor uppsida!<\/p>\n                                <\/div>\n                                                    <\/header>\n                    <\/div>\n                                    <div class=\"eo-storytelling-item\">\n                                                    <div class=\"eo-storytelling-item-image\">\n                                <img decoding=\"async\"\n                                    src=\"https:\/\/cdn10757.templcdn.com\/fi\/wp-content\/uploads\/sites\/4\/2021\/06\/support.svg\"\n                                    alt=\"Support ing\u00e5r alltid\"\n                                    class=\"eo-storytelling-item-image-figure\"\n                                >\n                            <\/div>\n                        \n                        <header class=\"eo-storytelling-item-header\">\n                                                            <h3 class=\"eo-storytelling-item-header-heading\">\n                                    Support ing\u00e5r alltid                                <\/h3>\n                            \n                                                            <div class=\"eo-storytelling-item-header-text is-large\">\n                                    <p>N\u00e4r du blir kund hos EL-VIS har du alltid tillg\u00e5ng till fri uppdatering och support. F\u00f6r oss \u00e4r det viktigt att v\u00e5ra kunder \u00e4r n\u00f6jda, glada och trygga. D\u00e4rf\u00f6r \u00e4r det inte s\u00e5 konstigt att v\u00e5r support ligger oss varmt om hj\u00e4rtat och att vi st\u00e4ndigt jobbar med att utveckla v\u00e5r kundtj\u00e4nst. Detta \u00e4r b\u00f6rjan p\u00e5 v\u00e5r resa tillsammans!<\/p>\n                                <\/div>\n                                                    <\/header>\n                    <\/div>\n                                    <div class=\"eo-storytelling-item\">\n                                                    <div class=\"eo-storytelling-item-image\">\n                                <img decoding=\"async\"\n                                    src=\"https:\/\/cdn10757.templcdn.com\/fi\/wp-content\/uploads\/sites\/4\/2021\/06\/business.svg\"\n                                    alt=\"Vi har jobbat f\u00f6r en s\u00e4krare  el-bransch sedan 1994\"\n                                    class=\"eo-storytelling-item-image-figure\"\n                                >\n                            <\/div>\n                        \n                        <header class=\"eo-storytelling-item-header\">\n                                                            <h3 class=\"eo-storytelling-item-header-heading\">\n                                    Vi har jobbat f\u00f6r en s\u00e4krare  el-bransch sedan 1994                                <\/h3>\n                            \n                                                            <div class=\"eo-storytelling-item-header-text is-large\">\n                                    <p>EL-VIS har funnits p\u00e5 marknaden i \u00f6ver tjugo \u00e5r och har en l\u00e5ng historia bakom sig. Att erbjuda l\u00f6sningar, kunskap och engagerad support har varit en sj\u00e4lvklarhet sedan starten 1994. Alltid med samma passion \u2014 att underl\u00e4tta vardagen f\u00f6r dig som jobbar med el.\u00a0 V\u00e5ra l\u00f6sningar fungera som ett st\u00f6d f\u00f6r dig under din arbetsdag och hj\u00e4lper dig att effektivisera och st\u00e4rka din verksamhet.<\/p>\n                                <\/div>\n                                                    <\/header>\n                    <\/div>\n                                    <div class=\"eo-storytelling-item\">\n                                                    <div class=\"eo-storytelling-item-image\">\n                                <img decoding=\"async\"\n                                    src=\"https:\/\/cdn10757.templcdn.com\/fi\/wp-content\/uploads\/sites\/4\/2021\/06\/Strong.svg\"\n                                    alt=\"K\u00e4nn dig trygg med att vi kommer st\u00f6tta dig \u00e4ven i framtiden\"\n                                    class=\"eo-storytelling-item-image-figure\"\n                                >\n                            <\/div>\n                        \n                        <header class=\"eo-storytelling-item-header\">\n                                                            <h3 class=\"eo-storytelling-item-header-heading\">\n                                    K\u00e4nn dig trygg med att vi kommer st\u00f6tta dig \u00e4ven i framtiden                                <\/h3>\n                            \n                                                            <div class=\"eo-storytelling-item-header-text is-large\">\n                                    <p>EL-VIS \u00e4r en del av SmartCraft som \u00e4r en ledande leverant\u00f6r av digitala l\u00f6sningar och tj\u00e4nster till hantverkare och hantverksbolag i Norden. Tillsammans har koncernen +85 000 anv\u00e4ndare som st\u00f6ttas av 136 anst\u00e4llda p\u00e5 tio kontor i Sverige, Norge och Finland.<\/p>\n                                <\/div>\n                                                    <\/header>\n                    <\/div>\n                            <\/div>\n        <\/div>\n    <\/div>\n\n\n\n    <div class=\"eo-customers is-large\">\n        <div class=\"eo-customers-inner\">\n            <header class=\"eo-customers-header\">\n                                    <p class=\"eo-customers-header-text is-small\">\n                        N\u00e5gra av v\u00e5ra kunder                    <\/p>\n                            <\/header>\n\n            <div class=\"eo-customers-items\">\n                                    <div class=\"eo-customers-item\">\n                        <div class=\"eo-customers-item-logo\">\n                            <img decoding=\"async\" data-src=\"https:\/\/cdn10757.templcdn.com\/fi\/wp-content\/uploads\/sites\/4\/2024\/03\/kardex-logo-e1713975870622.png\" alt=\"EL-VIS ikon\" class=\"eo-customers-item-logo-item lazyload\" src=\"data:image\/svg+xml;base64,PHN2ZyB3aWR0aD0iMSIgaGVpZ2h0PSIxIiB4bWxucz0iaHR0cDovL3d3dy53My5vcmcvMjAwMC9zdmciPjwvc3ZnPg==\" style=\"--smush-placeholder-width: 300px; --smush-placeholder-aspect-ratio: 300\/169;\">\n                        <\/div>\n                    <\/div>\n                                    <div class=\"eo-customers-item\">\n                        <div class=\"eo-customers-item-logo\">\n                            <img decoding=\"async\" data-src=\"https:\/\/cdn10757.templcdn.com\/fi\/wp-content\/uploads\/sites\/4\/2024\/04\/GreenConnect_logo.png\" alt=\"EL-VIS ikon\" class=\"eo-customers-item-logo-item lazyload\" src=\"data:image\/svg+xml;base64,PHN2ZyB3aWR0aD0iMSIgaGVpZ2h0PSIxIiB4bWxucz0iaHR0cDovL3d3dy53My5vcmcvMjAwMC9zdmciPjwvc3ZnPg==\" style=\"--smush-placeholder-width: 1600px; --smush-placeholder-aspect-ratio: 1600\/510;\">\n                        <\/div>\n                    <\/div>\n                                    <div class=\"eo-customers-item\">\n                        <div class=\"eo-customers-item-logo\">\n                            <img decoding=\"async\" data-src=\"https:\/\/cdn10757.templcdn.com\/fi\/wp-content\/uploads\/sites\/4\/2021\/05\/caverion-logo.png\" alt=\"EL-VIS ikon\" class=\"eo-customers-item-logo-item lazyload\" src=\"data:image\/svg+xml;base64,PHN2ZyB3aWR0aD0iMSIgaGVpZ2h0PSIxIiB4bWxucz0iaHR0cDovL3d3dy53My5vcmcvMjAwMC9zdmciPjwvc3ZnPg==\" style=\"--smush-placeholder-width: 200px; --smush-placeholder-aspect-ratio: 200\/100;\">\n                        <\/div>\n                    <\/div>\n                                    <div class=\"eo-customers-item\">\n                        <div class=\"eo-customers-item-logo\">\n                            <img decoding=\"async\" data-src=\"https:\/\/cdn10757.templcdn.com\/fi\/wp-content\/uploads\/sites\/4\/2021\/05\/mariehamns-energi-logo.png\" alt=\"EL-VIS ikon\" class=\"eo-customers-item-logo-item lazyload\" src=\"data:image\/svg+xml;base64,PHN2ZyB3aWR0aD0iMSIgaGVpZ2h0PSIxIiB4bWxucz0iaHR0cDovL3d3dy53My5vcmcvMjAwMC9zdmciPjwvc3ZnPg==\" style=\"--smush-placeholder-width: 200px; --smush-placeholder-aspect-ratio: 200\/100;\">\n                        <\/div>\n                    <\/div>\n                                    <div class=\"eo-customers-item\">\n                        <div class=\"eo-customers-item-logo\">\n                            <img decoding=\"async\" data-src=\"https:\/\/cdn10757.templcdn.com\/fi\/wp-content\/uploads\/sites\/4\/2021\/09\/Bravida-1.png\" alt=\"EL-VIS ikon\" class=\"eo-customers-item-logo-item lazyload\" src=\"data:image\/svg+xml;base64,PHN2ZyB3aWR0aD0iMSIgaGVpZ2h0PSIxIiB4bWxucz0iaHR0cDovL3d3dy53My5vcmcvMjAwMC9zdmciPjwvc3ZnPg==\" style=\"--smush-placeholder-width: 1600px; --smush-placeholder-aspect-ratio: 1600\/538;\">\n                        <\/div>\n                    <\/div>\n                                    <div class=\"eo-customers-item\">\n                        <div class=\"eo-customers-item-logo\">\n                            <img decoding=\"async\" data-src=\"https:\/\/cdn10757.templcdn.com\/fi\/wp-content\/uploads\/sites\/4\/2021\/06\/assemblin-logo.png\" alt=\"EL-VIS ikon\" class=\"eo-customers-item-logo-item lazyload\" src=\"data:image\/svg+xml;base64,PHN2ZyB3aWR0aD0iMSIgaGVpZ2h0PSIxIiB4bWxucz0iaHR0cDovL3d3dy53My5vcmcvMjAwMC9zdmciPjwvc3ZnPg==\" style=\"--smush-placeholder-width: 300px; --smush-placeholder-aspect-ratio: 300\/138;\">\n                        <\/div>\n                    <\/div>\n                            <\/div>\n        <\/div>\n    <\/div>\n\n\n\n<div class=\"eo-try-out\">\n    <div class=\"eo-try-out-inner\">\n        <header class=\"eo-try-out-header\">\n                            <h2 class=\"eo-try-out-header-heading\">\n                    Kom ig\u00e5ng med EL-VIS                <\/h2>\n            \n                            <p class=\"eo-try-out-header-text is-lead\">\n                    B\u00f6rja jobba enkelt, smart och s\u00e4kert redan idag!                <\/p>\n            \n                            <a\n                    href=\"https:\/\/app.el-vis.com\/#\/login\/create-user\"\n                    target=\"_blank\"\n                    class=\"eo-try-out-header-link eo-button is-primary\"\n                >\n                    Prova gratis                <\/a>\n            \n                            <div class=\"eo-try-out-header-info\">\n                    <p>Du kan ocks\u00e5 kontakta oss genom att <a href=\"mailto:info@el-vis.fi\">mejla oss<\/a><\/p>\n                <\/div>\n                    <\/header>\n    <\/div>\n<\/div>\n","protected":false},"excerpt":{"rendered":"","protected":false},"author":1,"featured_media":0,"parent":0,"menu_order":0,"comment_status":"closed","ping_status":"closed","template":"","meta":{"_acf_changed":false,"inline_featured_image":false,"footnotes":""},"class_list":["post-99","page","type-page","status-publish","hentry"],"acf":[],"yoast_head":"<!-- This site is optimized with the Yoast SEO plugin v25.2 - https:\/\/yoast.com\/wordpress\/plugins\/seo\/ -->\n<title>Varf\u00f6r EL-VIS? - EL-VIS Finland<\/title>\n<meta name=\"robots\" content=\"index, follow, max-snippet:-1, max-image-preview:large, max-video-preview:-1\" \/>\n<link rel=\"canonical\" href=\"https:\/\/el-vis.com\/fi\/sv\/varfor-el-vis\/\" \/>\n<meta property=\"og:locale\" content=\"sv_SE\" \/>\n<meta property=\"og:type\" content=\"article\" \/>\n<meta property=\"og:title\" content=\"Varf\u00f6r EL-VIS? - EL-VIS Finland\" \/>\n<meta property=\"og:url\" content=\"https:\/\/el-vis.com\/fi\/sv\/varfor-el-vis\/\" \/>\n<meta property=\"og:site_name\" content=\"EL-VIS Finland\" \/>\n<meta property=\"article:modified_time\" content=\"2024-07-25T16:42:30+00:00\" \/>\n<meta name=\"twitter:card\" content=\"summary_large_image\" \/>\n<meta name=\"twitter:label1\" content=\"Ber\u00e4knad l\u00e4stid\" \/>\n\t<meta name=\"twitter:data1\" content=\"5 minuter\" \/>\n<script type=\"application\/ld+json\" class=\"yoast-schema-graph\">{\"@context\":\"https:\/\/schema.org\",\"@graph\":[{\"@type\":\"WebPage\",\"@id\":\"https:\/\/el-vis.com\/fi\/sv\/varfor-el-vis\/\",\"url\":\"https:\/\/el-vis.com\/fi\/sv\/varfor-el-vis\/\",\"name\":\"Varf\u00f6r EL-VIS? - EL-VIS Finland\",\"isPartOf\":{\"@id\":\"https:\/\/el-vis.com\/fi\/sv\/#website\"},\"datePublished\":\"2021-05-13T21:58:00+00:00\",\"dateModified\":\"2024-07-25T16:42:30+00:00\",\"breadcrumb\":{\"@id\":\"https:\/\/el-vis.com\/fi\/sv\/varfor-el-vis\/#breadcrumb\"},\"inLanguage\":\"sv-SE\",\"potentialAction\":[{\"@type\":\"ReadAction\",\"target\":[\"https:\/\/el-vis.com\/fi\/sv\/varfor-el-vis\/\"]}]},{\"@type\":\"BreadcrumbList\",\"@id\":\"https:\/\/el-vis.com\/fi\/sv\/varfor-el-vis\/#breadcrumb\",\"itemListElement\":[{\"@type\":\"ListItem\",\"position\":1,\"name\":\"Home\",\"item\":\"https:\/\/el-vis.com\/fi\/sv\/\"},{\"@type\":\"ListItem\",\"position\":2,\"name\":\"Varf\u00f6r EL-VIS?\"}]},{\"@type\":\"WebSite\",\"@id\":\"https:\/\/el-vis.com\/fi\/sv\/#website\",\"url\":\"https:\/\/el-vis.com\/fi\/sv\/\",\"name\":\"EL-VIS Finland\",\"description\":\"Digitala verktyg f\u00f6r elbranschen\",\"potentialAction\":[{\"@type\":\"SearchAction\",\"target\":{\"@type\":\"EntryPoint\",\"urlTemplate\":\"https:\/\/el-vis.com\/fi\/sv\/?s={search_term_string}\"},\"query-input\":{\"@type\":\"PropertyValueSpecification\",\"valueRequired\":true,\"valueName\":\"search_term_string\"}}],\"inLanguage\":\"sv-SE\"}]}<\/script>\n<!-- \/ Yoast SEO plugin. -->","yoast_head_json":{"title":"Varf\u00f6r EL-VIS? - EL-VIS Finland","robots":{"index":"index","follow":"follow","max-snippet":"max-snippet:-1","max-image-preview":"max-image-preview:large","max-video-preview":"max-video-preview:-1"},"canonical":"https:\/\/el-vis.com\/fi\/sv\/varfor-el-vis\/","og_locale":"sv_SE","og_type":"article","og_title":"Varf\u00f6r EL-VIS? - EL-VIS Finland","og_url":"https:\/\/el-vis.com\/fi\/sv\/varfor-el-vis\/","og_site_name":"EL-VIS Finland","article_modified_time":"2024-07-25T16:42:30+00:00","twitter_card":"summary_large_image","twitter_misc":{"Ber\u00e4knad l\u00e4stid":"5 minuter"},"schema":{"@context":"https:\/\/schema.org","@graph":[{"@type":"WebPage","@id":"https:\/\/el-vis.com\/fi\/sv\/varfor-el-vis\/","url":"https:\/\/el-vis.com\/fi\/sv\/varfor-el-vis\/","name":"Varf\u00f6r EL-VIS? - EL-VIS Finland","isPartOf":{"@id":"https:\/\/el-vis.com\/fi\/sv\/#website"},"datePublished":"2021-05-13T21:58:00+00:00","dateModified":"2024-07-25T16:42:30+00:00","breadcrumb":{"@id":"https:\/\/el-vis.com\/fi\/sv\/varfor-el-vis\/#breadcrumb"},"inLanguage":"sv-SE","potentialAction":[{"@type":"ReadAction","target":["https:\/\/el-vis.com\/fi\/sv\/varfor-el-vis\/"]}]},{"@type":"BreadcrumbList","@id":"https:\/\/el-vis.com\/fi\/sv\/varfor-el-vis\/#breadcrumb","itemListElement":[{"@type":"ListItem","position":1,"name":"Home","item":"https:\/\/el-vis.com\/fi\/sv\/"},{"@type":"ListItem","position":2,"name":"Varf\u00f6r EL-VIS?"}]},{"@type":"WebSite","@id":"https:\/\/el-vis.com\/fi\/sv\/#website","url":"https:\/\/el-vis.com\/fi\/sv\/","name":"EL-VIS Finland","description":"Digitala verktyg f\u00f6r elbranschen","potentialAction":[{"@type":"SearchAction","target":{"@type":"EntryPoint","urlTemplate":"https:\/\/el-vis.com\/fi\/sv\/?s={search_term_string}"},"query-input":{"@type":"PropertyValueSpecification","valueRequired":true,"valueName":"search_term_string"}}],"inLanguage":"sv-SE"}]}},"_links":{"self":[{"href":"https:\/\/el-vis.com\/fi\/sv\/wp-json\/wp\/v2\/pages\/99","targetHints":{"allow":["GET"]}}],"collection":[{"href":"https:\/\/el-vis.com\/fi\/sv\/wp-json\/wp\/v2\/pages"}],"about":[{"href":"https:\/\/el-vis.com\/fi\/sv\/wp-json\/wp\/v2\/types\/page"}],"author":[{"embeddable":true,"href":"https:\/\/el-vis.com\/fi\/sv\/wp-json\/wp\/v2\/users\/1"}],"replies":[{"embeddable":true,"href":"https:\/\/el-vis.com\/fi\/sv\/wp-json\/wp\/v2\/comments?post=99"}],"version-history":[{"count":27,"href":"https:\/\/el-vis.com\/fi\/sv\/wp-json\/wp\/v2\/pages\/99\/revisions"}],"predecessor-version":[{"id":2335,"href":"https:\/\/el-vis.com\/fi\/sv\/wp-json\/wp\/v2\/pages\/99\/revisions\/2335"}],"wp:attachment":[{"href":"https:\/\/el-vis.com\/fi\/sv\/wp-json\/wp\/v2\/media?parent=99"}],"curies":[{"name":"wp","href":"https:\/\/api.w.org\/{rel}","templated":true}]}}